{"id":16,"date":"2013-03-28T15:09:25","date_gmt":"2013-03-28T14:09:25","guid":{"rendered":"https:\/\/marjolletnaturopathe.fr\/?page_id=16"},"modified":"2013-05-07T10:09:13","modified_gmt":"2013-05-07T09:09:13","slug":"deontologie","status":"publish","type":"page","link":"https:\/\/marjolletnaturopathe.fr\/?page_id=16","title":{"rendered":"D\u00e9ontologie"},"content":{"rendered":"<p style=\"padding-left: 30px;\">J\u2019adh\u00e8re \u00e0 la charte de la naturopathie et au code de d\u00e9ontologie \u00e9tablis par la FENAHMAN :<\/p>\n<blockquote style=\"padding-left: 30px;\">\n<p style=\"padding-left: 30px;\">\u00a0\u00ab\u00a0<em>Le praticien de sant\u00e9 naturopathe s\u2019impose comme devoir essentiel la protection de la vie, de la personne humaine et de son environnement.<\/em><\/p>\n<p style=\"padding-left: 30px;\"><em>Le secret professionnel est de rigueur et s\u2019impose au praticien de sant\u00e9 naturopathe.<\/em><\/p>\n<p style=\"padding-left: 30px;\"><em>Le praticien de sant\u00e9 naturopathe ne s\u2019autorisera jamais \u00e0 modifier ou supprimer un \u00e9ventuel traitement m\u00e9dical en cours<\/em>.\u00a0\u00bb<\/p>\n<\/blockquote>\n<p style=\"padding-left: 30px;\">\n<p>&nbsp;<\/p>\n","protected":false},"excerpt":{"rendered":"<p>J\u2019adh\u00e8re \u00e0 la charte de la naturopathie et au code de d\u00e9ontologie \u00e9tablis par la FENAHMAN : \u00a0\u00ab\u00a0Le praticien de sant\u00e9 naturopathe s\u2019impose comme devoir essentiel la protection de la vie, de la personne humaine et de son environnement. Le secret professionnel est de rigueur et s\u2019impose au praticien de sant\u00e9 naturopathe. Le praticien de [&hellip;]<\/p>\n","protected":false},"author":1,"featured_media":0,"parent":0,"menu_order":0,"comment_status":"closed","ping_status":"closed","template":"","meta":{"footnotes":""},"class_list":["post-16","page","type-page","status-publish","hentry"],"_links":{"self":[{"href":"https:\/\/marjolletnaturopathe.fr\/index.php?rest_route=\/wp\/v2\/pages\/16","targetHints":{"allow":["GET"]}}],"collection":[{"href":"https:\/\/marjolletnaturopathe.fr\/index.php?rest_route=\/wp\/v2\/pages"}],"about":[{"href":"https:\/\/marjolletnaturopathe.fr\/index.php?rest_route=\/wp\/v2\/types\/page"}],"author":[{"embeddable":true,"href":"https:\/\/marjolletnaturopathe.fr\/index.php?rest_route=\/wp\/v2\/users\/1"}],"replies":[{"embeddable":true,"href":"https:\/\/marjolletnaturopathe.fr\/index.php?rest_route=%2Fwp%2Fv2%2Fcomments&post=16"}],"version-history":[{"count":5,"href":"https:\/\/marjolletnaturopathe.fr\/index.php?rest_route=\/wp\/v2\/pages\/16\/revisions"}],"predecessor-version":[{"id":193,"href":"https:\/\/marjolletnaturopathe.fr\/index.php?rest_route=\/wp\/v2\/pages\/16\/revisions\/193"}],"wp:attachment":[{"href":"https:\/\/marjolletnaturopathe.fr\/index.php?rest_route=%2Fwp%2Fv2%2Fmedia&parent=16"}],"curies":[{"name":"wp","href":"https:\/\/api.w.org\/{rel}","templated":true}]}}