{"id":25,"date":"2013-03-28T15:26:38","date_gmt":"2013-03-28T14:26:38","guid":{"rendered":"https:\/\/marjolletnaturopathe.fr\/?page_id=25"},"modified":"2025-08-20T11:00:29","modified_gmt":"2025-08-20T10:00:29","slug":"infos-pratiques","status":"publish","type":"page","link":"https:\/\/marjolletnaturopathe.fr\/?page_id=25","title":{"rendered":"Infos pratiques"},"content":{"rendered":"<h6>Corinne Marjollet E.I.<\/h6>\n<h6>Praticienne de Sant\u00e9 Naturopathe<\/h6>\n<p><strong><span style=\"text-decoration: underline;\">Tarifs<\/span> <\/strong>:<\/p>\n<ul>\n<li>\u00a0Naturopathie 1\u00e8re consultation (1h30) : 80 \u20ac (enfants moins de 12 ans : 70 \u20ac)<\/li>\n<li>\u00a0Consultations suivantes : 70 \u20ac (enfants moins de 12 ans : 60 \u20ac)<\/li>\n<li>\u00a0Bilan OLIGOSCAN complet (mesure des min\u00e9raux, oligo-\u00e9l\u00e9ments, m\u00e9taux lourds, stress oxydatif et corr\u00e9lations vitamines A, B, C, D3, E, incidences sur les syst\u00e8mes)\n<ul>\n<li>dans le cadre de la consultation (avec interpr\u00e9tation et conseils, en plus du tarif de consultation) : 60 \u20ac<\/li>\n<li>hors consultation (interpr\u00e9t\u00e9 par un autre praticien) : 80 \u20ac, dur\u00e9e 15 minutes.<\/li>\n<\/ul>\n<\/li>\n<li>\u00a0S\u00e9ances NAET\/TRM : (50-60 minutes) 60 \u20ac<\/li>\n<li>\u00a0S\u00e9ance Magnom\u00e9ga (1 heure) : 70 \u20ac.<\/li>\n<li>\u00a0Bol d\u2019air Jacquier :<br \/>\nS\u00e9ance unitaire : 6.50 \u20ac<br \/>\nForfait 12 s\u00e9ances : 55 \u20ac<br \/>\nForfait 20 s\u00e9ances : 80 \u20ac<br \/>\nForfait 30 s\u00e9ances : 110 \u20ac<\/li>\n<\/ul>\n<p><em>R\u00e8glement par <span style=\"color: #800080;\"><strong>ch\u00e8que ou esp\u00e8ces<\/strong><\/span>. <span style=\"color: #ff0000;\"><span style=\"text-decoration: underline;\">La CB n&rsquo;est pas accept\u00e9e<\/span>,<\/span> merci de votre compr\u00e9hension.\u00a0<\/em><\/p>\n<p><em><span style=\"color: #800080;\"><strong>Certaines mutuelles prennent en charge tout ou partie de la consultation en naturopathie, peut \u00eatre la v\u00f4tre : renseignez vous !<\/strong><\/span><\/em><\/p>\n","protected":false},"excerpt":{"rendered":"<p>Corinne Marjollet E.I. Praticienne de Sant\u00e9 Naturopathe Tarifs : \u00a0Naturopathie 1\u00e8re consultation (1h30) : 80 \u20ac (enfants moins de 12 ans : 70 \u20ac) \u00a0Consultations suivantes : 70 \u20ac (enfants moins de 12 ans : 60 \u20ac) \u00a0Bilan OLIGOSCAN complet (mesure des min\u00e9raux, oligo-\u00e9l\u00e9ments, m\u00e9taux lourds, stress oxydatif et corr\u00e9lations vitamines A, B, C, D3, [&hellip;]<\/p>\n","protected":false},"author":1,"featured_media":0,"parent":0,"menu_order":0,"comment_status":"closed","ping_status":"closed","template":"","meta":{"footnotes":""},"class_list":["post-25","page","type-page","status-publish","hentry"],"_links":{"self":[{"href":"https:\/\/marjolletnaturopathe.fr\/index.php?rest_route=\/wp\/v2\/pages\/25","targetHints":{"allow":["GET"]}}],"collection":[{"href":"https:\/\/marjolletnaturopathe.fr\/index.php?rest_route=\/wp\/v2\/pages"}],"about":[{"href":"https:\/\/marjolletnaturopathe.fr\/index.php?rest_route=\/wp\/v2\/types\/page"}],"author":[{"embeddable":true,"href":"https:\/\/marjolletnaturopathe.fr\/index.php?rest_route=\/wp\/v2\/users\/1"}],"replies":[{"embeddable":true,"href":"https:\/\/marjolletnaturopathe.fr\/index.php?rest_route=%2Fwp%2Fv2%2Fcomments&post=25"}],"version-history":[{"count":8,"href":"https:\/\/marjolletnaturopathe.fr\/index.php?rest_route=\/wp\/v2\/pages\/25\/revisions"}],"predecessor-version":[{"id":874,"href":"https:\/\/marjolletnaturopathe.fr\/index.php?rest_route=\/wp\/v2\/pages\/25\/revisions\/874"}],"wp:attachment":[{"href":"https:\/\/marjolletnaturopathe.fr\/index.php?rest_route=%2Fwp%2Fv2%2Fmedia&parent=25"}],"curies":[{"name":"wp","href":"https:\/\/api.w.org\/{rel}","templated":true}]}}