{"id":253,"date":"2013-11-04T13:17:46","date_gmt":"2013-11-04T12:17:46","guid":{"rendered":"https:\/\/marjolletnaturopathe.fr\/?page_id=253"},"modified":"2023-01-30T17:57:50","modified_gmt":"2023-01-30T16:57:50","slug":"ateliers-conferences-2","status":"publish","type":"page","link":"https:\/\/marjolletnaturopathe.fr\/?page_id=253","title":{"rendered":"Ateliers &#8211; Conf\u00e9rences"},"content":{"rendered":"<p>Prochains \u00e9v\u00e9nements :<\/p>\n<pre><strong><span style=\"color: #99cc00;\"><span style=\"color: #000000;\"><span style=\"color: #00ff00;\">JEUDI 22 FEVRIER 2023 \u00e0 18h30 \u00e0 Villeurbanne (69) Salle badey 4 rue Richelieu<\/span> : conf\u00e9rence sur l'\u00e9quilibre acido basique, cl\u00e9 de la sant\u00e9 globale\n\nVENDREDI 12 JANVIER 2018 \u00e0 20 h \u00e0 CHAUSSAN (69) : conf\u00e9rence sur l'\u00e9quilibre acido basique, cl\u00e9 de la sant\u00e9 globale<\/span>\n<span style=\"color: #000000;\">Vendredi 7 avril 2017 \u00e0 20 h \u00e0 CHAUSSAN<\/span><\/span> : <span style=\"color: #000000;\">conf\u00e9rence <\/span>\"La sant\u00e9 intestinale au c\u0153ur de notre bien-\u00eatre\". Modalit\u00e9s d'inscription \u00e0 venir\nVendredi 2 d\u00e9cembre 2016 \u00e0 20 h \u00e0 CHAUSSAN : <span style=\"color: #800080;\">conf\u00e9rence \"Faire appel \u00e0 la naturopathie, Pourquoi ?<\/span> Quelle est la prise en charge ? Qu'est-ce qu'on soigne ?\" Sur inscription Association Pr\u00e9sence au monde 06 82 20 41 47. + d'infos : cliquez sur l'image :\nsamedi 11 juin 2016 : \"<span style=\"color: #800080;\">Quels outils naturels pour une belle peau en bonne sant\u00e9 ?<\/span> \" Lieu Botanic Villeurbanne\nsamedi 28 mai 2016 : \"<span style=\"color: #800080;\">les anti-oxydants et leur int\u00e9r\u00eat pour une bonne sant\u00e9<\/span>\" Lieu : Botanic Villeurbanne\nsamedi 30 avril 2016 : \"<span style=\"color: #800080;\">Les enfants : le soin au naturel<\/span>\" Lieu : Botanic Villeurbanne\nsamedi 2 avril 2016 : \"<span style=\"color: #800080;\">Alimentation sans gluten : incidences sur la sant\u00e9<\/span>\" Lieu : Botanic Villeurbanne\nsamedi 6 f\u00e9vrier 2016 : \"<span style=\"color: #800080;\">l'\u00e9quilibre acido-basique, essentiel comme terrain de sant\u00e9<\/span>\" Lieu : Botanic Villeurbanne samedi 5 mars : \"Stress et sommeil : solutions naturelles\" Lieu : Botanic Villeurbanne\n<\/strong><\/pre>\n","protected":false},"excerpt":{"rendered":"<p>Prochains \u00e9v\u00e9nements : JEUDI 22 FEVRIER 2023 \u00e0 18h30 \u00e0 Villeurbanne (69) Salle badey 4 rue Richelieu : conf\u00e9rence sur l&rsquo;\u00e9quilibre acido basique, cl\u00e9 de la sant\u00e9 globale VENDREDI 12 JANVIER 2018 \u00e0 20 h \u00e0 CHAUSSAN (69) : conf\u00e9rence sur l&rsquo;\u00e9quilibre acido basique, cl\u00e9 de la sant\u00e9 globale Vendredi 7 avril 2017 \u00e0 20 [&hellip;]<\/p>\n","protected":false},"author":1,"featured_media":0,"parent":0,"menu_order":0,"comment_status":"closed","ping_status":"open","template":"","meta":{"footnotes":""},"class_list":["post-253","page","type-page","status-publish","hentry"],"_links":{"self":[{"href":"https:\/\/marjolletnaturopathe.fr\/index.php?rest_route=\/wp\/v2\/pages\/253","targetHints":{"allow":["GET"]}}],"collection":[{"href":"https:\/\/marjolletnaturopathe.fr\/index.php?rest_route=\/wp\/v2\/pages"}],"about":[{"href":"https:\/\/marjolletnaturopathe.fr\/index.php?rest_route=\/wp\/v2\/types\/page"}],"author":[{"embeddable":true,"href":"https:\/\/marjolletnaturopathe.fr\/index.php?rest_route=\/wp\/v2\/users\/1"}],"replies":[{"embeddable":true,"href":"https:\/\/marjolletnaturopathe.fr\/index.php?rest_route=%2Fwp%2Fv2%2Fcomments&post=253"}],"version-history":[{"count":5,"href":"https:\/\/marjolletnaturopathe.fr\/index.php?rest_route=\/wp\/v2\/pages\/253\/revisions"}],"predecessor-version":[{"id":791,"href":"https:\/\/marjolletnaturopathe.fr\/index.php?rest_route=\/wp\/v2\/pages\/253\/revisions\/791"}],"wp:attachment":[{"href":"https:\/\/marjolletnaturopathe.fr\/index.php?rest_route=%2Fwp%2Fv2%2Fmedia&parent=253"}],"curies":[{"name":"wp","href":"https:\/\/api.w.org\/{rel}","templated":true}]}}