{"id":29,"date":"2013-03-28T15:15:11","date_gmt":"2013-03-28T14:15:11","guid":{"rendered":"https:\/\/marjolletnaturopathe.fr\/?page_id=29"},"modified":"2024-10-18T09:53:39","modified_gmt":"2024-10-18T08:53:39","slug":"methode-total-reset","status":"publish","type":"page","link":"https:\/\/marjolletnaturopathe.fr\/?page_id=29","title":{"rendered":"M\u00e9thode Total Reset\u00ae"},"content":{"rendered":"<p style=\"padding-left: 30px;\">Selon l\u2019OMS, les intol\u00e9rances alimentaires et les maladies allergiques figurent d\u00e9sormais au 4\u00e8me rang mondial des maladies chroniques les plus fr\u00e9quentes dans le monde. Corinne MARJOLLET s&rsquo;est int\u00e9ress\u00e9e au sujet en se formant \u00e0 la m\u00e9thode NAET en 2012 \u00e0 Lyon puis \u00e0 la m\u00e9thode TRM\u00ae (Total Reset Method) \u00e0 partir de 2017.<\/p>\n<p style=\"padding-left: 30px;\"><strong><span style=\"color: #800080;\">QU&rsquo;EST CE QUE LA METHODE ?<\/span><\/strong><\/p>\n<p style=\"padding-left: 30px;\">La m\u00e9thode TRM\u00ae (Total Reset Method) consiste en un <strong>r\u00e9\u00e9quilibrage \u00e9nerg\u00e9tique qui vise \u00e0\u00a0 faciliter l\u2019\u00e9limination des hypersensibilit\u00e9s et intol\u00e9rances de tous ordres , manifestations de troubles chroniques ou fonctionnels (troubles de la sph\u00e8re ORL, gastro-intestinaux, uro-g\u00e9nitaux, endocriniens, respiratoires, cutan\u00e9s, troubles du syst\u00e8me immunitaire&#8230;).<\/strong><\/p>\n<p style=\"padding-left: 30px;\">La m\u00e9thode TRM rectifie le d\u00e9s\u00e9quilibre des \u00e9nergies source de perturbations, mais surtout <strong>corrige une perception erron\u00e9e du cerveau<\/strong> face \u00e0 la substance qu&rsquo;il identifie comme une menace pour l&rsquo;organisme.<\/p>\n<p style=\"padding-left: 30px;\"><span style=\"color: #800080;\"><strong>POUR QUI ?<\/strong><\/span><\/p>\n<p style=\"padding-left: 30px;\">La m\u00e9thode Total RESET\u00ae compl\u00e8tement naturelle, est indolore et ne recourt \u00e0 aucun produit que ce soit ; elle s\u2019adresse \u00e0 tous, y compris les nourrissons.<\/p>\n<p style=\"padding-left: 30px;\"><span style=\"color: #800080;\"><strong>APPROCHE ENERGETIQUE<\/strong><\/span><\/p>\n<p style=\"padding-left: 30px;\">Afin de r\u00e9\u00e9quilibrer les flux d&rsquo;\u00e9nergie dans les m\u00e9ridiens, Total RESET agit en permettant au cerveau de \u00ab\u00a0re-traiter\u00a0\u00bb l&rsquo;information de fa\u00e7on positive via la <strong>stimulation des racines du syst\u00e8me nerveux autonome<\/strong>.<\/p>\n<p style=\"padding-left: 30px;\">La m\u00e9thode utilise <strong>le test musculaire<\/strong> emprunt\u00e9 \u00e0 la kin\u00e9siologie pour identifier les substances en cause, <strong>l&rsquo;acuppression<\/strong> pour r\u00e9tablir la circulation \u00e9nerg\u00e9tique, la <strong>di\u00e9t\u00e9tique<\/strong> en pratiquant, durant les 25h suivant la s\u00e9ance, l&rsquo;\u00e9viction absolue de la substance en question ; ainsi le corps \u00e9limine naturellement les toxines associ\u00e9es.<\/p>\n<p style=\"padding-left: 30px;\"><em>La m\u00e9thode Total Reset\u00ae ne se substitue pas \u00e0 un diagnostic et\/ou un traitement m\u00e9dical que seul le m\u00e9decin peut \u00e9valuer.<\/em><\/p>\n<p style=\"padding-left: 30px;\">En savoir plus en visitant le site : <a href=\"https:\/\/www.allergyfree.fr\">www.total-reset.fr<\/a><\/p>\n<h4 style=\"padding-left: 30px;\"><span style=\"color: #800080;\"><strong>Corinne MARJOLLET E.I. a \u00e9t\u00e9 confirm\u00e9e niveau IV dans la formation de cette m\u00e9thode<\/strong><\/span><span style=\"color: #800080;\"><strong><br \/>\n<\/strong><\/span><\/h4>\n<p style=\"padding-left: 30px;\">\n","protected":false},"excerpt":{"rendered":"<p>Selon l\u2019OMS, les intol\u00e9rances alimentaires et les maladies allergiques figurent d\u00e9sormais au 4\u00e8me rang mondial des maladies chroniques les plus fr\u00e9quentes dans le monde. Corinne MARJOLLET s&rsquo;est int\u00e9ress\u00e9e au sujet en se formant \u00e0 la m\u00e9thode NAET en 2012 \u00e0 Lyon puis \u00e0 la m\u00e9thode TRM\u00ae (Total Reset Method) \u00e0 partir de 2017. QU&rsquo;EST CE [&hellip;]<\/p>\n","protected":false},"author":1,"featured_media":0,"parent":0,"menu_order":0,"comment_status":"closed","ping_status":"closed","template":"","meta":{"footnotes":""},"class_list":["post-29","page","type-page","status-publish","hentry"],"_links":{"self":[{"href":"https:\/\/marjolletnaturopathe.fr\/index.php?rest_route=\/wp\/v2\/pages\/29","targetHints":{"allow":["GET"]}}],"collection":[{"href":"https:\/\/marjolletnaturopathe.fr\/index.php?rest_route=\/wp\/v2\/pages"}],"about":[{"href":"https:\/\/marjolletnaturopathe.fr\/index.php?rest_route=\/wp\/v2\/types\/page"}],"author":[{"embeddable":true,"href":"https:\/\/marjolletnaturopathe.fr\/index.php?rest_route=\/wp\/v2\/users\/1"}],"replies":[{"embeddable":true,"href":"https:\/\/marjolletnaturopathe.fr\/index.php?rest_route=%2Fwp%2Fv2%2Fcomments&post=29"}],"version-history":[{"count":13,"href":"https:\/\/marjolletnaturopathe.fr\/index.php?rest_route=\/wp\/v2\/pages\/29\/revisions"}],"predecessor-version":[{"id":863,"href":"https:\/\/marjolletnaturopathe.fr\/index.php?rest_route=\/wp\/v2\/pages\/29\/revisions\/863"}],"wp:attachment":[{"href":"https:\/\/marjolletnaturopathe.fr\/index.php?rest_route=%2Fwp%2Fv2%2Fmedia&parent=29"}],"curies":[{"name":"wp","href":"https:\/\/api.w.org\/{rel}","templated":true}]}}