{"id":290,"date":"2013-12-04T16:50:38","date_gmt":"2013-12-04T15:50:38","guid":{"rendered":"http:\/\/marjolletnaturopathe.fr\/?page_id=290"},"modified":"2016-02-01T11:07:51","modified_gmt":"2016-02-01T10:07:51","slug":"ateliers-cuisine-sante","status":"publish","type":"page","link":"https:\/\/marjolletnaturopathe.fr\/?page_id=290","title":{"rendered":"Ateliers cuisine sant\u00e9"},"content":{"rendered":"<ul>\n<li>ATELIERS PASSES\n<p>\n\t\t<style type=\"text\/css\">\n\t\t\t#gallery-1 {\n\t\t\t\tmargin: auto;\n\t\t\t}\n\t\t\t#gallery-1 .gallery-item {\n\t\t\t\tfloat: left;\n\t\t\t\tmargin-top: 10px;\n\t\t\t\ttext-align: center;\n\t\t\t\twidth: 33%;\n\t\t\t}\n\t\t\t#gallery-1 img {\n\t\t\t\tborder: 2px solid #cfcfcf;\n\t\t\t}\n\t\t\t#gallery-1 .gallery-caption {\n\t\t\t\tmargin-left: 0;\n\t\t\t}\n\t\t\t\/* see gallery_shortcode() in wp-includes\/media.php *\/\n\t\t<\/style>\n\t\t<div id='gallery-1' class='gallery galleryid-290 gallery-columns-3 gallery-size-thumbnail'><dl class='gallery-item'>\n\t\t\t<dt class='gallery-icon landscape'>\n\t\t\t\t<a href='https:\/\/marjolletnaturopathe.fr\/?attachment_id=595'><img loading=\"lazy\" decoding=\"async\" width=\"150\" height=\"150\" src=\"https:\/\/marjolletnaturopathe.fr\/wp-content\/uploads\/2016\/02\/DSC_20082-150x150.jpg\" class=\"attachment-thumbnail size-thumbnail\" alt=\"\" \/><\/a>\n\t\t\t<\/dt><\/dl><dl class='gallery-item'>\n\t\t\t<dt class='gallery-icon landscape'>\n\t\t\t\t<a href='https:\/\/marjolletnaturopathe.fr\/?attachment_id=594'><img loading=\"lazy\" decoding=\"async\" width=\"150\" height=\"150\" src=\"https:\/\/marjolletnaturopathe.fr\/wp-content\/uploads\/2016\/02\/2014-feuillat-15-150x150.jpg\" class=\"attachment-thumbnail size-thumbnail\" alt=\"\" \/><\/a>\n\t\t\t<\/dt><\/dl><dl class='gallery-item'>\n\t\t\t<dt class='gallery-icon landscape'>\n\t\t\t\t<a href='https:\/\/marjolletnaturopathe.fr\/?attachment_id=591'><img loading=\"lazy\" decoding=\"async\" width=\"150\" height=\"150\" src=\"https:\/\/marjolletnaturopathe.fr\/wp-content\/uploads\/2016\/02\/1412-Atelier-cuisine-arthrose-1-150x150.jpg\" class=\"attachment-thumbnail size-thumbnail\" alt=\"\" \/><\/a>\n\t\t\t<\/dt><\/dl><br style=\"clear: both\" \/><dl class='gallery-item'>\n\t\t\t<dt class='gallery-icon landscape'>\n\t\t\t\t<a href='https:\/\/marjolletnaturopathe.fr\/?attachment_id=592'><img loading=\"lazy\" decoding=\"async\" width=\"150\" height=\"150\" src=\"https:\/\/marjolletnaturopathe.fr\/wp-content\/uploads\/2016\/02\/1412-Atelier-cuisine-arthrose-6-150x150.jpg\" class=\"attachment-thumbnail size-thumbnail\" alt=\"\" \/><\/a>\n\t\t\t<\/dt><\/dl><dl class='gallery-item'>\n\t\t\t<dt class='gallery-icon landscape'>\n\t\t\t\t<a href='https:\/\/marjolletnaturopathe.fr\/?attachment_id=593'><img loading=\"lazy\" decoding=\"async\" width=\"150\" height=\"150\" src=\"https:\/\/marjolletnaturopathe.fr\/wp-content\/uploads\/2016\/02\/1412-Atelier-cuisine-arthrose-7-150x150.jpg\" class=\"attachment-thumbnail size-thumbnail\" alt=\"\" \/><\/a>\n\t\t\t<\/dt><\/dl><dl class='gallery-item'>\n\t\t\t<dt class='gallery-icon landscape'>\n\t\t\t\t<a href='https:\/\/marjolletnaturopathe.fr\/?attachment_id=590'><img loading=\"lazy\" decoding=\"async\" width=\"150\" height=\"150\" src=\"https:\/\/marjolletnaturopathe.fr\/wp-content\/uploads\/2016\/02\/DSC_2521-150x150.jpg\" class=\"attachment-thumbnail size-thumbnail\" alt=\"\" \/><\/a>\n\t\t\t<\/dt><\/dl><br style=\"clear: both\" \/>\n\t\t<\/div>\n<\/li>\n<li><span style=\"color: #800080;\"><strong>Lundi 21 d\u00e9cembre 2015 de 10h \u00e0 11h30\u00a0:\u00a0 <span style=\"color: #ff9900;\">Atelier cuisine enfants<\/span> (\u00e0 partir de 6 ans) : Confection de friandises de No\u00ebl<\/strong><\/span><\/li>\n<\/ul>\n<h6>Tout en mettant la main \u00e0 la p\u00e2te, les enfants seront sensibilis\u00e9s \u00e0 l&rsquo;int\u00e9r\u00eat d&rsquo;une cuisine saine et go\u00fbteuse. Ils emporteront \u00e0 la maison leurs r\u00e9alisations.Tarif : 20 \u20ac.<\/h6>\n<p>&nbsp;<\/p>\n<ul>\n<li><span style=\"color: #800080;\"><strong>Vendredi 11 d\u00e9cembre 2015 de 10h \u00e0 13h30 : Atelier cuisine sp\u00e9cial s\u00e9niors<\/strong><\/span><\/li>\n<\/ul>\n<h6>Cet atelier comprend un temps th\u00e9orique sur les besoins nutritionnels sp\u00e9cifiques des s\u00e9niors, puis une pratique de la cuisine \u00e0 partir des nutriments\/aliments \u00e9voqu\u00e9s. Repas en commun sur place. Tarif 45 \u20ac.<\/h6>\n<p>&nbsp;<\/p>\n<ul>\n<li><span style=\"color: #800080;\"><strong>Samedi 28 novembre 2015 de 10h \u00e0<\/strong> <strong>13h30 : Atelier cuisine sans gluten ni lait<\/strong><\/span><\/li>\n<\/ul>\n<h6><em>Que ce soit pour des raisons de sant\u00e9 ou pour all\u00e9ger votre syst\u00e8me digestif, vous avez fait le choix d&rsquo;adopter une alimentation sans gluten ni lait. Cet atelier vous donnera des notions th\u00e9oriques quand \u00e0 l&rsquo;incidence de ces aliments sur l&rsquo;organisme, et des cl\u00e9s tr\u00e8s pratiques pour une cuisine du quotidien adapt\u00e9e \u00e0 tous, \u00e0 partir d&rsquo;ingr\u00e9dients bio adapt\u00e9s. <\/em>Tarif 45 \u20ac.<\/h6>\n<p>&nbsp;<\/p>\n<p>Ateliers anim\u00e9s par Corinne Marjollet, Naturopathe. Lieu : 80 bis rue Feuillat 69003 LYON. Les ingr\u00e9dients de qualit\u00e9 s\u00e9lectionn\u00e9e (biologique ou naturelle) sont inclus dans le co\u00fbt.<br \/>\n\u2022Sur inscription (nombre de places limit\u00e9 ) par t\u00e9l\u00e9phone au 06.82.96.38.72 ou par mail \u00e0 cmarjollet.naturopathe@hotmail.fr ; l&rsquo;inscription est confirm\u00e9e \u00e0 r\u00e9ception du r\u00e8glement.<br \/>\n\u2022Bon cadeau sur demande.<\/p>\n","protected":false},"excerpt":{"rendered":"<p>ATELIERS PASSES Lundi 21 d\u00e9cembre 2015 de 10h \u00e0 11h30\u00a0:\u00a0 Atelier cuisine enfants (\u00e0 partir de 6 ans) : Confection de friandises de No\u00ebl Tout en mettant la main \u00e0 la p\u00e2te, les enfants seront sensibilis\u00e9s \u00e0 l&rsquo;int\u00e9r\u00eat d&rsquo;une cuisine saine et go\u00fbteuse. Ils emporteront \u00e0 la maison leurs r\u00e9alisations.Tarif : 20 \u20ac. &nbsp; Vendredi [&hellip;]<\/p>\n","protected":false},"author":1,"featured_media":0,"parent":0,"menu_order":0,"comment_status":"open","ping_status":"open","template":"","meta":{"footnotes":""},"class_list":["post-290","page","type-page","status-publish","hentry"],"_links":{"self":[{"href":"https:\/\/marjolletnaturopathe.fr\/index.php?rest_route=\/wp\/v2\/pages\/290","targetHints":{"allow":["GET"]}}],"collection":[{"href":"https:\/\/marjolletnaturopathe.fr\/index.php?rest_route=\/wp\/v2\/pages"}],"about":[{"href":"https:\/\/marjolletnaturopathe.fr\/index.php?rest_route=\/wp\/v2\/types\/page"}],"author":[{"embeddable":true,"href":"https:\/\/marjolletnaturopathe.fr\/index.php?rest_route=\/wp\/v2\/users\/1"}],"replies":[{"embeddable":true,"href":"https:\/\/marjolletnaturopathe.fr\/index.php?rest_route=%2Fwp%2Fv2%2Fcomments&post=290"}],"version-history":[{"count":5,"href":"https:\/\/marjolletnaturopathe.fr\/index.php?rest_route=\/wp\/v2\/pages\/290\/revisions"}],"predecessor-version":[{"id":596,"href":"https:\/\/marjolletnaturopathe.fr\/index.php?rest_route=\/wp\/v2\/pages\/290\/revisions\/596"}],"wp:attachment":[{"href":"https:\/\/marjolletnaturopathe.fr\/index.php?rest_route=%2Fwp%2Fv2%2Fmedia&parent=290"}],"curies":[{"name":"wp","href":"https:\/\/api.w.org\/{rel}","templated":true}]}}