{"id":294,"date":"2013-12-04T16:51:02","date_gmt":"2013-12-04T15:51:02","guid":{"rendered":"http:\/\/marjolletnaturopathe.fr\/?page_id=294"},"modified":"2015-09-11T09:02:56","modified_gmt":"2015-09-11T08:02:56","slug":"agenda-conferences","status":"publish","type":"page","link":"https:\/\/marjolletnaturopathe.fr\/?page_id=294","title":{"rendered":"Conf\u00e9rences"},"content":{"rendered":"<p>&nbsp;<\/p>\n<ul>\n<li><span style=\"color: #333333;\"><strong>Samedi 21 novembre 2015<\/strong> <\/span>\u00e0 10h30 et \u00e0 14h : Animation conf\u00e9rence <span style=\"color: #800080;\">\u00ab\u00a0<strong>Stress et sommeil, quelles solutions naturelles<\/strong>\u00ab\u00a0.<\/span>\u00a0 Lieu BOTANIC Villeurbanne Espace librairie. Inscription aupr\u00e8s du magasin Botanic 04.72.69.47.50.<\/li>\n<li><span style=\"color: #888888;\"><span style=\"color: #333333;\"><strong>Samedi\u00a012 d\u00e9cembre 2015 <\/strong><\/span><span style=\"color: #4b4b4b;\">\u00e0 10h30 et \u00e0 14h : Animation conf\u00e9rence <\/span><span style=\"color: #800080;\">\u00ab\u00a0<strong>Quelles solutions naturelles pour avoir une belle peau en bonne sant\u00e9<\/strong>\u00ab\u00a0<\/span><span style=\"color: #4b4b4b;\"><span style=\"color: #800080;\">. <\/span>Lieu BOTANIC Villeurbanne Espace librairie. Inscription aupr\u00e8s du magasin Botanic 04.72.69.47.50.<\/span><\/span><\/li>\n<\/ul>\n<p>&nbsp;<\/p>\n","protected":false},"excerpt":{"rendered":"<p>&nbsp; Samedi 21 novembre 2015 \u00e0 10h30 et \u00e0 14h : Animation conf\u00e9rence \u00ab\u00a0Stress et sommeil, quelles solutions naturelles\u00ab\u00a0.\u00a0 Lieu BOTANIC Villeurbanne Espace librairie. Inscription aupr\u00e8s du magasin Botanic 04.72.69.47.50. Samedi\u00a012 d\u00e9cembre 2015 \u00e0 10h30 et \u00e0 14h : Animation conf\u00e9rence \u00ab\u00a0Quelles solutions naturelles pour avoir une belle peau en bonne sant\u00e9\u00ab\u00a0. Lieu BOTANIC Villeurbanne [&hellip;]<\/p>\n","protected":false},"author":1,"featured_media":0,"parent":0,"menu_order":0,"comment_status":"open","ping_status":"open","template":"","meta":{"footnotes":""},"class_list":["post-294","page","type-page","status-publish","hentry"],"_links":{"self":[{"href":"https:\/\/marjolletnaturopathe.fr\/index.php?rest_route=\/wp\/v2\/pages\/294","targetHints":{"allow":["GET"]}}],"collection":[{"href":"https:\/\/marjolletnaturopathe.fr\/index.php?rest_route=\/wp\/v2\/pages"}],"about":[{"href":"https:\/\/marjolletnaturopathe.fr\/index.php?rest_route=\/wp\/v2\/types\/page"}],"author":[{"embeddable":true,"href":"https:\/\/marjolletnaturopathe.fr\/index.php?rest_route=\/wp\/v2\/users\/1"}],"replies":[{"embeddable":true,"href":"https:\/\/marjolletnaturopathe.fr\/index.php?rest_route=%2Fwp%2Fv2%2Fcomments&post=294"}],"version-history":[{"count":5,"href":"https:\/\/marjolletnaturopathe.fr\/index.php?rest_route=\/wp\/v2\/pages\/294\/revisions"}],"predecessor-version":[{"id":550,"href":"https:\/\/marjolletnaturopathe.fr\/index.php?rest_route=\/wp\/v2\/pages\/294\/revisions\/550"}],"wp:attachment":[{"href":"https:\/\/marjolletnaturopathe.fr\/index.php?rest_route=%2Fwp%2Fv2%2Fmedia&parent=294"}],"curies":[{"name":"wp","href":"https:\/\/api.w.org\/{rel}","templated":true}]}}