{"id":32,"date":"2013-03-28T15:16:11","date_gmt":"2013-03-28T14:16:11","guid":{"rendered":"https:\/\/marjolletnaturopathe.fr\/?page_id=32"},"modified":"2013-05-07T10:18:17","modified_gmt":"2013-05-07T09:18:17","slug":"bol-dair-jacquier-le-principe","status":"publish","type":"page","link":"https:\/\/marjolletnaturopathe.fr\/?page_id=32","title":{"rendered":"Bol d&rsquo;air Jacquier : le principe"},"content":{"rendered":"<p style=\"padding-left: 30px;\"><a href=\"https:\/\/marjolletnaturopathe.fr\/wp-content\/uploads\/2013\/05\/TonicAmbre_foret_de_pins1.jpg\"><img loading=\"lazy\" decoding=\"async\" class=\"alignnone size-medium wp-image-203\" style=\"width: 195px;\" alt=\"TonicAmbre_foret_de_pins1\" src=\"https:\/\/marjolletnaturopathe.fr\/wp-content\/uploads\/2013\/05\/TonicAmbre_foret_de_pins1-300x200.jpg\" width=\"206\" height=\"127\" \/><\/a>L\u2019oxyg\u00e9nation des cellules de l\u2019organisme est indispensable pour transformer les nutriments en \u00e9nergie, \u00e9liminer les d\u00e9chets m\u00e9taboliques, r\u00e9g\u00e9n\u00e9rer les cellules, harmoniser le fonctionnement de nos organes et de notre syst\u00e8me hormonal. Mais l\u2019oxyg\u00e8ne ne se stocke pas dans l\u2019organisme.<\/p>\n<p style=\"padding-left: 30px;\">Le d\u00e9ficit chronique de la cellule en oxyg\u00e8ne (hypoxie), \u00e0 l\u2019origine de la plupart des affections, est li\u00e9 \u00e0 une difficult\u00e9 d\u2019assimilation de cet oxyg\u00e8ne (du fait des pollutions atmosph\u00e9rique, alimentaire, m\u00e9dicamenteuse, du stress, et d\u2019un mode de vie). Il en r\u00e9sulte une intoxication manifest\u00e9e par la fatigue chronique, des troubles du sommeil, de la m\u00e9moire, la nervosit\u00e9, les perturbations cardiaques, circulatoires, qui peuvent \u00e0 terme affecter s\u00e9rieusement le syst\u00e8me immunitaire. Le Bol d\u2019air Jacquier\u00ae facilite l\u2019assimilation d\u2019oxyg\u00e8ne, sans g\u00e9n\u00e9rer d&rsquo;hyperoxie ni d&rsquo;oxydation ; il augmente au contraire la r\u00e9sistance anti-radicalaire de l\u2019organisme.<\/p>\n<p style=\"padding-left: 30px;\">Mis au point en 1947 par Ren\u00e9 Jacquier, ing\u00e9nieur sp\u00e9cialiste de chimie organique, le Bol d\u2019Air Jacquier\u00ae permet une transformation des pin\u00e8nes, issus de la r\u00e9sine de pin, en peroxydes terp\u00e9niques tr\u00e8s agr\u00e9ables \u00e0 respirer et totalement biodisponibles.<\/p>\n","protected":false},"excerpt":{"rendered":"<p>L\u2019oxyg\u00e9nation des cellules de l\u2019organisme est indispensable pour transformer les nutriments en \u00e9nergie, \u00e9liminer les d\u00e9chets m\u00e9taboliques, r\u00e9g\u00e9n\u00e9rer les cellules, harmoniser le fonctionnement de nos organes et de notre syst\u00e8me hormonal. Mais l\u2019oxyg\u00e8ne ne se stocke pas dans l\u2019organisme. Le d\u00e9ficit chronique de la cellule en oxyg\u00e8ne (hypoxie), \u00e0 l\u2019origine de la plupart des affections, [&hellip;]<\/p>\n","protected":false},"author":1,"featured_media":0,"parent":0,"menu_order":0,"comment_status":"closed","ping_status":"closed","template":"","meta":{"footnotes":""},"class_list":["post-32","page","type-page","status-publish","hentry"],"_links":{"self":[{"href":"https:\/\/marjolletnaturopathe.fr\/index.php?rest_route=\/wp\/v2\/pages\/32","targetHints":{"allow":["GET"]}}],"collection":[{"href":"https:\/\/marjolletnaturopathe.fr\/index.php?rest_route=\/wp\/v2\/pages"}],"about":[{"href":"https:\/\/marjolletnaturopathe.fr\/index.php?rest_route=\/wp\/v2\/types\/page"}],"author":[{"embeddable":true,"href":"https:\/\/marjolletnaturopathe.fr\/index.php?rest_route=\/wp\/v2\/users\/1"}],"replies":[{"embeddable":true,"href":"https:\/\/marjolletnaturopathe.fr\/index.php?rest_route=%2Fwp%2Fv2%2Fcomments&post=32"}],"version-history":[{"count":5,"href":"https:\/\/marjolletnaturopathe.fr\/index.php?rest_route=\/wp\/v2\/pages\/32\/revisions"}],"predecessor-version":[{"id":84,"href":"https:\/\/marjolletnaturopathe.fr\/index.php?rest_route=\/wp\/v2\/pages\/32\/revisions\/84"}],"wp:attachment":[{"href":"https:\/\/marjolletnaturopathe.fr\/index.php?rest_route=%2Fwp%2Fv2%2Fmedia&parent=32"}],"curies":[{"name":"wp","href":"https:\/\/api.w.org\/{rel}","templated":true}]}}