{"id":34,"date":"2013-03-28T15:16:56","date_gmt":"2013-03-28T14:16:56","guid":{"rendered":"https:\/\/marjolletnaturopathe.fr\/?page_id=34"},"modified":"2013-06-06T10:36:46","modified_gmt":"2013-06-06T09:36:46","slug":"la-seance-bol-dair-jacquier","status":"publish","type":"page","link":"https:\/\/marjolletnaturopathe.fr\/?page_id=34","title":{"rendered":"La s\u00e9ance Bol d&rsquo;air Jacquier"},"content":{"rendered":"<p style=\"padding-left: 30px;\"><a href=\"https:\/\/marjolletnaturopathe.fr\/wp-content\/uploads\/2013\/05\/TonicAmbre_oresine.jpg\"><img loading=\"lazy\" decoding=\"async\" class=\"alignnone size-medium wp-image-183\" alt=\"Projet3:Mise en page 1\" src=\"https:\/\/marjolletnaturopathe.fr\/wp-content\/uploads\/2013\/05\/TonicAmbre_oresine-300x283.jpg\" width=\"300\" height=\"283\" srcset=\"https:\/\/marjolletnaturopathe.fr\/wp-content\/uploads\/2013\/05\/TonicAmbre_oresine-300x283.jpg 300w, https:\/\/marjolletnaturopathe.fr\/wp-content\/uploads\/2013\/05\/TonicAmbre_oresine-660x624.jpg 660w, https:\/\/marjolletnaturopathe.fr\/wp-content\/uploads\/2013\/05\/TonicAmbre_oresine-240x227.jpg 240w, https:\/\/marjolletnaturopathe.fr\/wp-content\/uploads\/2013\/05\/TonicAmbre_oresine.jpg 945w\" sizes=\"auto, (max-width: 300px) 100vw, 300px\" \/><\/a><span style=\"color: #000000;\"><strong>La s\u00e9ance dure quelques minutes<\/strong> et consiste en une simple respiration par le nez du n\u00e9bulisat d\u00e9gag\u00e9 par le Bol d\u2019air Jacquier\u00ae, \u00e0 une distance de 10 cm de la corolle de l\u2019appareil.<\/span><\/p>\n<p style=\"padding-left: 30px;\"><span style=\"color: #000000;\">Le principe de l\u2019appareil est de fournir un extrait naturel de pin peroxyd\u00e9 sous forme gazeuse et inhalable. Une turbine canalise l\u2019air ambiant qui se charge des compos\u00e9s volatils contenus dans le m\u00e9lange sp\u00e9cial Bol d&rsquo;Air\u00ae (ol\u00e9or\u00e9sine de pin chemotyp\u00e9e, non allerg\u00e8ne). Ces compos\u00e9s sont soumis \u00e0 une transformation chimique leur permettant d\u2019absorber l&rsquo;oxyg\u00e8ne atmosph\u00e9rique : c&rsquo;est la p\u00e9roxydation. Apr\u00e8s respiration en sortie de l\u2019appareil, les mol\u00e9cules nouvellement p\u00e9roxyd\u00e9es s\u2019associent \u00e0 l\u2019h\u00e9moglobine ce qui cr\u00e9e un ph\u00e9nom\u00e8ne biocatalytique. Les cellules de l\u2019organisme re\u00e7oivent alors plus facilement de l\u2019oxyg\u00e8ne.<\/span><\/p>\n","protected":false},"excerpt":{"rendered":"<p>La s\u00e9ance dure quelques minutes et consiste en une simple respiration par le nez du n\u00e9bulisat d\u00e9gag\u00e9 par le Bol d\u2019air Jacquier\u00ae, \u00e0 une distance de 10 cm de la corolle de l\u2019appareil. Le principe de l\u2019appareil est de fournir un extrait naturel de pin peroxyd\u00e9 sous forme gazeuse et inhalable. Une turbine canalise l\u2019air [&hellip;]<\/p>\n","protected":false},"author":1,"featured_media":0,"parent":0,"menu_order":0,"comment_status":"closed","ping_status":"closed","template":"","meta":{"footnotes":""},"class_list":["post-34","page","type-page","status-publish","hentry"],"_links":{"self":[{"href":"https:\/\/marjolletnaturopathe.fr\/index.php?rest_route=\/wp\/v2\/pages\/34","targetHints":{"allow":["GET"]}}],"collection":[{"href":"https:\/\/marjolletnaturopathe.fr\/index.php?rest_route=\/wp\/v2\/pages"}],"about":[{"href":"https:\/\/marjolletnaturopathe.fr\/index.php?rest_route=\/wp\/v2\/types\/page"}],"author":[{"embeddable":true,"href":"https:\/\/marjolletnaturopathe.fr\/index.php?rest_route=\/wp\/v2\/users\/1"}],"replies":[{"embeddable":true,"href":"https:\/\/marjolletnaturopathe.fr\/index.php?rest_route=%2Fwp%2Fv2%2Fcomments&post=34"}],"version-history":[{"count":5,"href":"https:\/\/marjolletnaturopathe.fr\/index.php?rest_route=\/wp\/v2\/pages\/34\/revisions"}],"predecessor-version":[{"id":219,"href":"https:\/\/marjolletnaturopathe.fr\/index.php?rest_route=\/wp\/v2\/pages\/34\/revisions\/219"}],"wp:attachment":[{"href":"https:\/\/marjolletnaturopathe.fr\/index.php?rest_route=%2Fwp%2Fv2%2Fmedia&parent=34"}],"curies":[{"name":"wp","href":"https:\/\/api.w.org\/{rel}","templated":true}]}}