{"id":348,"date":"2014-03-17T12:15:17","date_gmt":"2014-03-17T11:15:17","guid":{"rendered":"http:\/\/marjolletnaturopathe.fr\/?page_id=348"},"modified":"2015-09-11T09:03:44","modified_gmt":"2015-09-11T08:03:44","slug":"ateliers-naturo","status":"publish","type":"page","link":"https:\/\/marjolletnaturopathe.fr\/?page_id=348","title":{"rendered":"Ateliers \u00ab\u00a0Naturo\u00a0\u00bb"},"content":{"rendered":"<p>Ateliers pass\u00e9s :<\/p>\n<p><span style=\"color: #800080;\">Jeudi 4 juin 2015 entre 11h15 et 14h15<\/span> : Pause d\u00e9jeuner d&rsquo;un repas v\u00e9g\u00e9tarien BIO pr\u00e9c\u00e9d\u00e9 d&rsquo;un massage assis, le tout dans ce lieu ressour\u00e7ant et apaisant \u00e0 Villeurbanne : <strong><em>Caravanserail Caf\u00e9<\/em> <\/strong>150 rue du 4 a\u00f4ut 1789. \u00a0<a href=\"http:\/\/caravanserail-cafe.com\">http:\/\/caravanserail-cafe.com<\/a>\/. Pour en savoir plus et r\u00e9server, cliquer sur l&rsquo;image:<a href=\"https:\/\/marjolletnaturopathe.fr\/wp-content\/uploads\/2015\/05\/Caravanserail-Caf\u00e9-massage-assis-repas-v\u00e9g\u00e9tarien-BIO.jpeg.jpg\"><img loading=\"lazy\" decoding=\"async\" class=\"alignnone size-thumbnail wp-image-535\" src=\"https:\/\/marjolletnaturopathe.fr\/wp-content\/uploads\/2015\/05\/Caravanserail-Caf\u00e9-massage-assis-repas-v\u00e9g\u00e9tarien-BIO.jpeg-150x150.jpg\" alt=\"Caravanserail Caf\u00e9 massage assis repas v\u00e9g\u00e9tarien BIO.jpeg\" width=\"150\" height=\"150\" \/><\/a><\/p>\n","protected":false},"excerpt":{"rendered":"<p>Ateliers pass\u00e9s : Jeudi 4 juin 2015 entre 11h15 et 14h15 : Pause d\u00e9jeuner d&rsquo;un repas v\u00e9g\u00e9tarien BIO pr\u00e9c\u00e9d\u00e9 d&rsquo;un massage assis, le tout dans ce lieu ressour\u00e7ant et apaisant \u00e0 Villeurbanne : Caravanserail Caf\u00e9 150 rue du 4 a\u00f4ut 1789. \u00a0http:\/\/caravanserail-cafe.com\/. Pour en savoir plus et r\u00e9server, cliquer sur l&rsquo;image:<\/p>\n","protected":false},"author":1,"featured_media":0,"parent":0,"menu_order":0,"comment_status":"open","ping_status":"open","template":"","meta":{"footnotes":""},"class_list":["post-348","page","type-page","status-publish","hentry"],"_links":{"self":[{"href":"https:\/\/marjolletnaturopathe.fr\/index.php?rest_route=\/wp\/v2\/pages\/348","targetHints":{"allow":["GET"]}}],"collection":[{"href":"https:\/\/marjolletnaturopathe.fr\/index.php?rest_route=\/wp\/v2\/pages"}],"about":[{"href":"https:\/\/marjolletnaturopathe.fr\/index.php?rest_route=\/wp\/v2\/types\/page"}],"author":[{"embeddable":true,"href":"https:\/\/marjolletnaturopathe.fr\/index.php?rest_route=\/wp\/v2\/users\/1"}],"replies":[{"embeddable":true,"href":"https:\/\/marjolletnaturopathe.fr\/index.php?rest_route=%2Fwp%2Fv2%2Fcomments&post=348"}],"version-history":[{"count":5,"href":"https:\/\/marjolletnaturopathe.fr\/index.php?rest_route=\/wp\/v2\/pages\/348\/revisions"}],"predecessor-version":[{"id":551,"href":"https:\/\/marjolletnaturopathe.fr\/index.php?rest_route=\/wp\/v2\/pages\/348\/revisions\/551"}],"wp:attachment":[{"href":"https:\/\/marjolletnaturopathe.fr\/index.php?rest_route=%2Fwp%2Fv2%2Fmedia&parent=348"}],"curies":[{"name":"wp","href":"https:\/\/api.w.org\/{rel}","templated":true}]}}