{"id":36,"date":"2013-03-28T15:19:10","date_gmt":"2013-03-28T14:19:10","guid":{"rendered":"https:\/\/marjolletnaturopathe.fr\/?page_id=36"},"modified":"2013-05-07T10:08:39","modified_gmt":"2013-05-07T09:08:39","slug":"les-bienfaits-du-bol-dair-jacquier","status":"publish","type":"page","link":"https:\/\/marjolletnaturopathe.fr\/?page_id=36","title":{"rendered":"Les bienfaits du bol d&rsquo;air Jacquier\u00ae"},"content":{"rendered":"<p style=\"padding-left: 30px;\">Le Bol d\u2019air Jacquier\u00ae n\u2019est pas un m\u00e9dicament mais une aide sans danger ni accoutumance qui optimise l\u2019oxyg\u00e8ne naturellement respir\u00e9.<\/p>\n<p style=\"padding-left: 30px;\">Les s\u00e9ances de Bol d\u2019air\u00ae s\u2019adressent \u00e0 tous. Elles participent \u00e0 l\u2019am\u00e9lioration du terrain, \u00e0 retrouver tonus et vitalit\u00e9, \u00e0 ralentir le vieillissement, \u00e0 am\u00e9liorer les cicatrisations en g\u00e9n\u00e9ral (des br\u00fblures notamment), \u00e0 harmoniser le poids, renforcer les d\u00e9fenses immunitaires. Elles repr\u00e9sentent \u00e9galement une aide pr\u00e9cieuse \u00e0 la pr\u00e9paration des sportifs, et dans les affections cardio pulmonaires, cardio-vasculaires, h\u00e9pato-digestives et les cancers*.<\/p>\n<p style=\"padding-left: 30px;\">La technique Jacquier\u00ae pr\u00e9sente une efficacit\u00e9 notable d\u00e8s 3 minutes d\u2019inhalation. Une fois celle-ci termin\u00e9e, l\u2019am\u00e9lioration de l\u2019oxyg\u00e9nation tissulaire continue. Pour autant, l\u2019augmentation de l\u2019oxyg\u00e8ne n\u2019est pas excessive, en regard de la quantit\u00e9 d\u2019h\u00e9moglobine que poss\u00e8de l\u2019organisme.<\/p>\n<p style=\"padding-left: 30px;\"><em>* Pr Max Berger ORL Bordeaux<\/em><\/p>\n","protected":false},"excerpt":{"rendered":"<p>Le Bol d\u2019air Jacquier\u00ae n\u2019est pas un m\u00e9dicament mais une aide sans danger ni accoutumance qui optimise l\u2019oxyg\u00e8ne naturellement respir\u00e9. Les s\u00e9ances de Bol d\u2019air\u00ae s\u2019adressent \u00e0 tous. Elles participent \u00e0 l\u2019am\u00e9lioration du terrain, \u00e0 retrouver tonus et vitalit\u00e9, \u00e0 ralentir le vieillissement, \u00e0 am\u00e9liorer les cicatrisations en g\u00e9n\u00e9ral (des br\u00fblures notamment), \u00e0 harmoniser le [&hellip;]<\/p>\n","protected":false},"author":1,"featured_media":0,"parent":0,"menu_order":0,"comment_status":"closed","ping_status":"closed","template":"","meta":{"footnotes":""},"class_list":["post-36","page","type-page","status-publish","hentry"],"_links":{"self":[{"href":"https:\/\/marjolletnaturopathe.fr\/index.php?rest_route=\/wp\/v2\/pages\/36","targetHints":{"allow":["GET"]}}],"collection":[{"href":"https:\/\/marjolletnaturopathe.fr\/index.php?rest_route=\/wp\/v2\/pages"}],"about":[{"href":"https:\/\/marjolletnaturopathe.fr\/index.php?rest_route=\/wp\/v2\/types\/page"}],"author":[{"embeddable":true,"href":"https:\/\/marjolletnaturopathe.fr\/index.php?rest_route=\/wp\/v2\/users\/1"}],"replies":[{"embeddable":true,"href":"https:\/\/marjolletnaturopathe.fr\/index.php?rest_route=%2Fwp%2Fv2%2Fcomments&post=36"}],"version-history":[{"count":5,"href":"https:\/\/marjolletnaturopathe.fr\/index.php?rest_route=\/wp\/v2\/pages\/36\/revisions"}],"predecessor-version":[{"id":192,"href":"https:\/\/marjolletnaturopathe.fr\/index.php?rest_route=\/wp\/v2\/pages\/36\/revisions\/192"}],"wp:attachment":[{"href":"https:\/\/marjolletnaturopathe.fr\/index.php?rest_route=%2Fwp%2Fv2%2Fmedia&parent=36"}],"curies":[{"name":"wp","href":"https:\/\/api.w.org\/{rel}","templated":true}]}}