{"id":41,"date":"2013-03-28T15:22:49","date_gmt":"2013-03-28T14:22:49","guid":{"rendered":"https:\/\/marjolletnaturopathe.fr\/?page_id=41"},"modified":"2025-11-19T16:17:57","modified_gmt":"2025-11-19T15:17:57","slug":"contact-acces","status":"publish","type":"page","link":"https:\/\/marjolletnaturopathe.fr\/?page_id=41","title":{"rendered":"Contact &#8211; Liens"},"content":{"rendered":"<p><strong>Consultations sur rendez-vous :\u00a0<\/strong><\/p>\n<address style=\"text-align: justify;\"><strong>Corinne MARJOLLET E.I.<\/strong><\/address><address style=\"text-align: justify;\"><strong>80 <span style=\"text-decoration: underline;\">bis<\/span> rue Feuillat<\/strong><\/address><address style=\"text-align: justify;\">69003 LYON<\/address>\n<p>T\u00e9l : 06 82 96 38 72<\/p>\n<p><span style=\"color: #800080;\"><em>Cabinet<\/em> <i>r\u00e9nov\u00e9 dans le cadre d\u2019une d\u00e9marche globale de prise en compte<br \/>de l\u2019environnement et de la sant\u00e9 de ses occupants et visiteurs (mat\u00e9riaux<br \/>naturels,\u00a0feng shui, g\u00e9obiologie&#8230;).<\/i><\/span><\/p>\n\n\t\t<style type=\"text\/css\">\n\t\t\t#gallery-1 {\n\t\t\t\tmargin: auto;\n\t\t\t}\n\t\t\t#gallery-1 .gallery-item {\n\t\t\t\tfloat: left;\n\t\t\t\tmargin-top: 10px;\n\t\t\t\ttext-align: center;\n\t\t\t\twidth: 33%;\n\t\t\t}\n\t\t\t#gallery-1 img {\n\t\t\t\tborder: 2px solid #cfcfcf;\n\t\t\t}\n\t\t\t#gallery-1 .gallery-caption {\n\t\t\t\tmargin-left: 0;\n\t\t\t}\n\t\t\t\/* see gallery_shortcode() in wp-includes\/media.php *\/\n\t\t<\/style>\n\t\t<div id='gallery-1' class='gallery galleryid-41 gallery-columns-3 gallery-size-thumbnail'><dl class='gallery-item'>\n\t\t\t<dt class='gallery-icon landscape'>\n\t\t\t\t<a href='https:\/\/marjolletnaturopathe.fr\/?attachment_id=513'><img loading=\"lazy\" decoding=\"async\" width=\"150\" height=\"150\" src=\"https:\/\/marjolletnaturopathe.fr\/wp-content\/uploads\/2015\/02\/2015-02-14-150x150.jpg\" class=\"attachment-thumbnail size-thumbnail\" alt=\"\" \/><\/a>\n\t\t\t<\/dt><\/dl><dl class='gallery-item'>\n\t\t\t<dt class='gallery-icon landscape'>\n\t\t\t\t<a href='https:\/\/marjolletnaturopathe.fr\/?attachment_id=512'><img loading=\"lazy\" decoding=\"async\" width=\"150\" height=\"150\" src=\"https:\/\/marjolletnaturopathe.fr\/wp-content\/uploads\/2015\/02\/2015-02-11-150x150.jpg\" class=\"attachment-thumbnail size-thumbnail\" alt=\"\" \/><\/a>\n\t\t\t<\/dt><\/dl><dl class='gallery-item'>\n\t\t\t<dt class='gallery-icon landscape'>\n\t\t\t\t<a href='https:\/\/marjolletnaturopathe.fr\/?attachment_id=511'><img loading=\"lazy\" decoding=\"async\" width=\"150\" height=\"150\" src=\"https:\/\/marjolletnaturopathe.fr\/wp-content\/uploads\/2015\/02\/2015-02-10-150x150.jpg\" class=\"attachment-thumbnail size-thumbnail\" alt=\"\" \/><\/a>\n\t\t\t<\/dt><\/dl><br style=\"clear: both\" \/>\n\t\t<\/div>\n\n<p style=\"text-align: right;\">\u00a0<strong>Acc\u00e8s<\/strong> : au c\u0153ur de Monplaisir\u00a0 par<\/p>\n<p style=\"text-align: right;\">M\u00e9tro Monplaisir-Lumi\u00e8re<\/p>\n<p style=\"text-align: right;\">ou M\u00e9tro Grange Blanche,<\/p>\n<p style=\"text-align: right;\">Bus C16 (Arr\u00eat Feuillat-Albert Thomas)\u00a0, C8, C13, C22<\/p>\n<p style=\"text-align: left;\"><span style=\"text-decoration: underline;\">Envoyer un email \u00e0 Corinne Marjollet E.I. :<\/span><\/p>\n<p style=\"text-align: left;\">\n<div class=\"wpcf7 no-js\" id=\"wpcf7-f81-o1\" lang=\"\" dir=\"ltr\">\n<div class=\"screen-reader-response\"><p role=\"status\" aria-live=\"polite\" aria-atomic=\"true\"><\/p> <ul><\/ul><\/div>\n<form action=\"\/index.php?rest_route=%2Fwp%2Fv2%2Fpages%2F41#wpcf7-f81-o1\" method=\"post\" class=\"wpcf7-form init\" aria-label=\"Formulaire de contact\" novalidate=\"novalidate\" data-status=\"init\">\n<div style=\"display: none;\">\n<input type=\"hidden\" name=\"_wpcf7\" value=\"81\" \/>\n<input type=\"hidden\" name=\"_wpcf7_version\" value=\"5.7.3\" \/>\n<input type=\"hidden\" name=\"_wpcf7_locale\" value=\"\" \/>\n<input type=\"hidden\" name=\"_wpcf7_unit_tag\" value=\"wpcf7-f81-o1\" \/>\n<input type=\"hidden\" name=\"_wpcf7_container_post\" value=\"0\" \/>\n<input type=\"hidden\" name=\"_wpcf7_posted_data_hash\" value=\"\" \/>\n<\/div>\n<p>Votre nom (obligatoire)\n<\/p>\n<p><span class=\"wpcf7-form-control-wrap\" data-name=\"your-name\"><input size=\"40\" class=\"wpcf7-form-control wpcf7-text wpcf7-validates-as-required\" aria-required=\"true\" aria-invalid=\"false\" value=\"\" type=\"text\" name=\"your-name\" \/><\/span>\n<\/p>\n<p>Votre email (obligatoire)\n<\/p>\n<p><span class=\"wpcf7-form-control-wrap\" data-name=\"your-email\"><input size=\"40\" class=\"wpcf7-form-control wpcf7-text wpcf7-email wpcf7-validates-as-required wpcf7-validates-as-email\" aria-required=\"true\" aria-invalid=\"false\" value=\"\" type=\"email\" name=\"your-email\" \/><\/span>\n<\/p>\n<p>Sujet\n<\/p>\n<p><span class=\"wpcf7-form-control-wrap\" data-name=\"your-subject\"><input size=\"40\" class=\"wpcf7-form-control wpcf7-text\" aria-invalid=\"false\" value=\"\" type=\"text\" name=\"your-subject\" \/><\/span>\n<\/p>\n<p>Votre message\n<\/p>\n<p><span class=\"wpcf7-form-control-wrap\" data-name=\"your-message\"><textarea cols=\"40\" rows=\"10\" class=\"wpcf7-form-control wpcf7-textarea\" aria-invalid=\"false\" name=\"your-message\"><\/textarea><\/span>\n<\/p>\n<p><input class=\"wpcf7-form-control has-spinner wpcf7-submit\" type=\"submit\" value=\"Envoyer\" \/>\n<\/p><p style=\"display: none !important;\"><label>&#916;<textarea name=\"_wpcf7_ak_hp_textarea\" cols=\"45\" rows=\"8\" maxlength=\"100\"><\/textarea><\/label><input type=\"hidden\" id=\"ak_js_1\" name=\"_wpcf7_ak_js\" value=\"106\"\/><script>document.getElementById( \"ak_js_1\" ).setAttribute( \"value\", ( new Date() ).getTime() );<\/script><\/p><div class=\"wpcf7-response-output\" aria-hidden=\"true\"><\/div>\n<\/form>\n<\/div>\n<\/p>\n<p>Prendre RDV sur RESALIB :<\/p>\n\n\n<figure class=\"wp-block-image size-full\"><a href=\"https:\/\/marjolletnaturopathe.fr\/wp-content\/uploads\/2025\/11\/QR-code-vers-CM-RESALIB-202511.png\"><img loading=\"lazy\" decoding=\"async\" width=\"300\" height=\"300\" src=\"https:\/\/marjolletnaturopathe.fr\/wp-content\/uploads\/2025\/11\/QR-code-vers-CM-RESALIB-202511.png\" alt=\"\" class=\"wp-image-878\" srcset=\"https:\/\/marjolletnaturopathe.fr\/wp-content\/uploads\/2025\/11\/QR-code-vers-CM-RESALIB-202511.png 300w, https:\/\/marjolletnaturopathe.fr\/wp-content\/uploads\/2025\/11\/QR-code-vers-CM-RESALIB-202511-150x150.png 150w, https:\/\/marjolletnaturopathe.fr\/wp-content\/uploads\/2025\/11\/QR-code-vers-CM-RESALIB-202511-240x240.png 240w\" sizes=\"auto, (max-width: 300px) 100vw, 300px\" \/><\/a><\/figure>\n\n\n","protected":false},"excerpt":{"rendered":"<p>Consultations sur rendez-vous :\u00a0 Corinne MARJOLLET E.I. 80 bis rue Feuillat 69003 LYON T\u00e9l : 06 82 96 38 72 Cabinet r\u00e9nov\u00e9 dans le cadre d\u2019une d\u00e9marche globale de prise en comptede l\u2019environnement et de la sant\u00e9 de ses occupants et visiteurs (mat\u00e9riauxnaturels,\u00a0feng shui, g\u00e9obiologie&#8230;). \u00a0Acc\u00e8s : au c\u0153ur de Monplaisir\u00a0 par M\u00e9tro Monplaisir-Lumi\u00e8re ou [&hellip;]<\/p>\n","protected":false},"author":1,"featured_media":0,"parent":0,"menu_order":0,"comment_status":"closed","ping_status":"closed","template":"","meta":{"footnotes":""},"class_list":["post-41","page","type-page","status-publish","hentry"],"_links":{"self":[{"href":"https:\/\/marjolletnaturopathe.fr\/index.php?rest_route=\/wp\/v2\/pages\/41","targetHints":{"allow":["GET"]}}],"collection":[{"href":"https:\/\/marjolletnaturopathe.fr\/index.php?rest_route=\/wp\/v2\/pages"}],"about":[{"href":"https:\/\/marjolletnaturopathe.fr\/index.php?rest_route=\/wp\/v2\/types\/page"}],"author":[{"embeddable":true,"href":"https:\/\/marjolletnaturopathe.fr\/index.php?rest_route=\/wp\/v2\/users\/1"}],"replies":[{"embeddable":true,"href":"https:\/\/marjolletnaturopathe.fr\/index.php?rest_route=%2Fwp%2Fv2%2Fcomments&post=41"}],"version-history":[{"count":7,"href":"https:\/\/marjolletnaturopathe.fr\/index.php?rest_route=\/wp\/v2\/pages\/41\/revisions"}],"predecessor-version":[{"id":880,"href":"https:\/\/marjolletnaturopathe.fr\/index.php?rest_route=\/wp\/v2\/pages\/41\/revisions\/880"}],"wp:attachment":[{"href":"https:\/\/marjolletnaturopathe.fr\/index.php?rest_route=%2Fwp%2Fv2%2Fmedia&parent=41"}],"curies":[{"name":"wp","href":"https:\/\/api.w.org\/{rel}","templated":true}]}}