{"id":54,"date":"2013-03-28T16:24:37","date_gmt":"2013-03-28T15:24:37","guid":{"rendered":"https:\/\/marjolletnaturopathe.fr\/?page_id=54"},"modified":"2025-01-17T17:27:41","modified_gmt":"2025-01-17T16:27:41","slug":"bienvenue","status":"publish","type":"page","link":"https:\/\/marjolletnaturopathe.fr\/","title":{"rendered":"Bienvenue"},"content":{"rendered":"<p style=\"text-align: center;\">\u00a0<span style=\"color: #800080;\"><i>\u00ab\u00a0<strong>La nature est remplie d\u2019une infinit\u00e9\u00a0<\/strong><\/i><i><strong>de raisons dont <\/strong><\/i><i><strong>l\u2019exp\u00e9rience n\u2019a\u00a0<\/strong><\/i><i><strong>jamais vu la trace\u00a0\u00bb\u00a0\u00a0\u00a0 <\/strong><\/i><\/span><i>L\u00e9onard De Vinci\u00a0\u00a0\u00a0\u00a0\u00a0\u00a0\u00a0\u00a0<\/i><\/p>\n\n\t\t<style type=\"text\/css\">\n\t\t\t#gallery-1 {\n\t\t\t\tmargin: auto;\n\t\t\t}\n\t\t\t#gallery-1 .gallery-item {\n\t\t\t\tfloat: left;\n\t\t\t\tmargin-top: 10px;\n\t\t\t\ttext-align: center;\n\t\t\t\twidth: 20%;\n\t\t\t}\n\t\t\t#gallery-1 img {\n\t\t\t\tborder: 2px solid #cfcfcf;\n\t\t\t}\n\t\t\t#gallery-1 .gallery-caption {\n\t\t\t\tmargin-left: 0;\n\t\t\t}\n\t\t\t\/* see gallery_shortcode() in wp-includes\/media.php *\/\n\t\t<\/style>\n\t\t<div id='gallery-1' class='gallery galleryid-54 gallery-columns-5 gallery-size-thumbnail'><dl class='gallery-item'>\n\t\t\t<dt class='gallery-icon landscape'>\n\t\t\t\t<a href='https:\/\/marjolletnaturopathe.fr\/?attachment_id=7#main'><img loading=\"lazy\" decoding=\"async\" width=\"150\" height=\"150\" src=\"https:\/\/marjolletnaturopathe.fr\/wp-content\/uploads\/2013\/03\/CSC_0001-150x150.jpg\" class=\"attachment-thumbnail size-thumbnail\" alt=\"\" \/><\/a>\n\t\t\t<\/dt><\/dl><dl class='gallery-item'>\n\t\t\t<dt class='gallery-icon landscape'>\n\t\t\t\t<a href='https:\/\/marjolletnaturopathe.fr\/?attachment_id=57#main'><img loading=\"lazy\" decoding=\"async\" width=\"150\" height=\"150\" src=\"https:\/\/marjolletnaturopathe.fr\/wp-content\/uploads\/2013\/03\/DSC_0218-150x150.jpg\" class=\"attachment-thumbnail size-thumbnail\" alt=\"\" \/><\/a>\n\t\t\t<\/dt><\/dl><dl class='gallery-item'>\n\t\t\t<dt class='gallery-icon landscape'>\n\t\t\t\t<a href='https:\/\/marjolletnaturopathe.fr\/?attachment_id=656'><img loading=\"lazy\" decoding=\"async\" width=\"150\" height=\"150\" src=\"https:\/\/marjolletnaturopathe.fr\/wp-content\/uploads\/2017\/01\/decrocher-la-lune-150x150.jpg\" class=\"attachment-thumbnail size-thumbnail\" alt=\"\" \/><\/a>\n\t\t\t<\/dt><\/dl><dl class='gallery-item'>\n\t\t\t<dt class='gallery-icon landscape'>\n\t\t\t\t<a href='https:\/\/marjolletnaturopathe.fr\/?attachment_id=58'><img loading=\"lazy\" decoding=\"async\" width=\"150\" height=\"150\" src=\"https:\/\/marjolletnaturopathe.fr\/wp-content\/uploads\/2013\/03\/DSC_0275-150x150.jpg\" class=\"attachment-thumbnail size-thumbnail\" alt=\"\" \/><\/a>\n\t\t\t<\/dt><\/dl><dl class='gallery-item'>\n\t\t\t<dt class='gallery-icon landscape'>\n\t\t\t\t<a href='https:\/\/marjolletnaturopathe.fr\/?attachment_id=56'><img loading=\"lazy\" decoding=\"async\" width=\"150\" height=\"150\" src=\"https:\/\/marjolletnaturopathe.fr\/wp-content\/uploads\/2013\/03\/DSC_0008-150x150.jpg\" class=\"attachment-thumbnail size-thumbnail\" alt=\"\" \/><\/a>\n\t\t\t<\/dt><\/dl><br style=\"clear: both\" \/>\n\t\t<\/div>\n\n<p><span style=\"color: #99cc00;\"><strong><span style=\"text-decoration: underline;\">ACTUS, \u00e9v\u00e9nements \u00e0\u00a0venir<\/span> :<\/strong><\/span><\/p>\n<h3>\u00a0<\/h3>\n<h3>Prochaine formation <span style=\"color: #800080;\"><em>Les Bases de la connaissance en mati\u00e8re de violences sexuelles<\/em><\/span> avec SVS 69 <span style=\"color: #800080;\">les 29 et 30 mars 2025 \u00e0 LYON 8e<\/span>. En savoir plus et\/ou s&rsquo;inscrire : <a href=\"https:\/\/www.svs69.fr\/\">https:\/\/www.svs69.fr\/<\/a><\/h3>\n<h3>\u00a0<\/h3>\n<h3><span style=\"color: #993366;\"><strong>Mardi 4 AVRIL 2023 \u00e0 20h30<\/strong><\/span> <strong>au Cin\u00e9ma Paradiso \u00e0 St Martin en Haut :<\/strong><\/h3>\n<p><strong><em>Projection d\u00e9bat, avec Corinne MARJOLLET et Sandrine Arthaud, repr\u00e9sentant l&rsquo;association SVS (Stop aux violences sexuelles). Pour en savoir plus cliquez ici :<\/em><\/strong><\/p>\n<h3><a href=\"https:\/\/cinemaparadiso.fr\/156486_Je_verrai_toujours_vos_visages.html\">Je verrai toujours vos visages \u00e0 St Martin en Haut [Cin\u00e9ma Paradiso] (cinemaparadiso.fr)<\/a><\/h3>\n<h3>\u00a0<\/h3>\n<h3><strong><span style=\"color: #800080;\">JEUDI 22 FEVRIER 2023 \u00e0 18h30<\/span> \u00e0 Villeurbanne (69) Salle Badey 4 rue Richelieu : <\/strong><\/h3>\n<p><strong><em>Conf\u00e9rence organis\u00e9e par l&rsquo;Association Kevali,\u00a0 Corinne Marjollet, Naturopathe nous parlera de : <\/em><\/strong><\/p>\n<h3><strong><em>\u00a0\u00bb l&rsquo;\u00e9quilibre acido-basique, cl\u00e9 de la sant\u00e9 globale\u00a0\u00bb<\/em><\/strong><\/h3>\n\n\n<figure class=\"wp-block-image size-large\"><a href=\"https:\/\/marjolletnaturopathe.fr\/wp-content\/uploads\/2023\/02\/SoireeKEVALI-1.jpg\"><img loading=\"lazy\" decoding=\"async\" width=\"724\" height=\"1024\" src=\"https:\/\/marjolletnaturopathe.fr\/wp-content\/uploads\/2023\/02\/SoireeKEVALI-1-724x1024.jpg\" alt=\"\" class=\"wp-image-797\" srcset=\"https:\/\/marjolletnaturopathe.fr\/wp-content\/uploads\/2023\/02\/SoireeKEVALI-1-724x1024.jpg 724w, https:\/\/marjolletnaturopathe.fr\/wp-content\/uploads\/2023\/02\/SoireeKEVALI-1-212x300.jpg 212w, https:\/\/marjolletnaturopathe.fr\/wp-content\/uploads\/2023\/02\/SoireeKEVALI-1-768x1086.jpg 768w, https:\/\/marjolletnaturopathe.fr\/wp-content\/uploads\/2023\/02\/SoireeKEVALI-1-1086x1536.jpg 1086w, https:\/\/marjolletnaturopathe.fr\/wp-content\/uploads\/2023\/02\/SoireeKEVALI-1-660x934.jpg 660w, https:\/\/marjolletnaturopathe.fr\/wp-content\/uploads\/2023\/02\/SoireeKEVALI-1-240x339.jpg 240w, https:\/\/marjolletnaturopathe.fr\/wp-content\/uploads\/2023\/02\/SoireeKEVALI-1.jpg 1414w\" sizes=\"auto, (max-width: 724px) 100vw, 724px\" \/><\/a><\/figure>\n","protected":false},"excerpt":{"rendered":"<p>\u00a0\u00ab\u00a0La nature est remplie d\u2019une infinit\u00e9\u00a0de raisons dont l\u2019exp\u00e9rience n\u2019a\u00a0jamais vu la trace\u00a0\u00bb\u00a0\u00a0\u00a0 L\u00e9onard De Vinci\u00a0\u00a0\u00a0\u00a0\u00a0\u00a0\u00a0\u00a0 ACTUS, \u00e9v\u00e9nements \u00e0\u00a0venir : \u00a0 Prochaine formation Les Bases de la connaissance en mati\u00e8re de violences sexuelles avec SVS 69 les 29 et 30 mars 2025 \u00e0 LYON 8e. En savoir plus et\/ou s&rsquo;inscrire : https:\/\/www.svs69.fr\/ \u00a0 Mardi 4 [&hellip;]<\/p>\n","protected":false},"author":1,"featured_media":0,"parent":0,"menu_order":0,"comment_status":"closed","ping_status":"closed","template":"page-templates\/template-homepage.php","meta":{"footnotes":""},"class_list":["post-54","page","type-page","status-publish","hentry"],"_links":{"self":[{"href":"https:\/\/marjolletnaturopathe.fr\/index.php?rest_route=\/wp\/v2\/pages\/54","targetHints":{"allow":["GET"]}}],"collection":[{"href":"https:\/\/marjolletnaturopathe.fr\/index.php?rest_route=\/wp\/v2\/pages"}],"about":[{"href":"https:\/\/marjolletnaturopathe.fr\/index.php?rest_route=\/wp\/v2\/types\/page"}],"author":[{"embeddable":true,"href":"https:\/\/marjolletnaturopathe.fr\/index.php?rest_route=\/wp\/v2\/users\/1"}],"replies":[{"embeddable":true,"href":"https:\/\/marjolletnaturopathe.fr\/index.php?rest_route=%2Fwp%2Fv2%2Fcomments&post=54"}],"version-history":[{"count":14,"href":"https:\/\/marjolletnaturopathe.fr\/index.php?rest_route=\/wp\/v2\/pages\/54\/revisions"}],"predecessor-version":[{"id":866,"href":"https:\/\/marjolletnaturopathe.fr\/index.php?rest_route=\/wp\/v2\/pages\/54\/revisions\/866"}],"wp:attachment":[{"href":"https:\/\/marjolletnaturopathe.fr\/index.php?rest_route=%2Fwp%2Fv2%2Fmedia&parent=54"}],"curies":[{"name":"wp","href":"https:\/\/api.w.org\/{rel}","templated":true}]}}