{"id":675,"date":"2018-02-11T16:29:32","date_gmt":"2018-02-11T15:29:32","guid":{"rendered":"http:\/\/marjolletnaturopathe.fr\/?page_id=675"},"modified":"2023-11-30T11:17:45","modified_gmt":"2023-11-30T10:17:45","slug":"temoignages-naet","status":"publish","type":"page","link":"https:\/\/marjolletnaturopathe.fr\/?page_id=675","title":{"rendered":"T\u00e9moignages NAET\/TRM"},"content":{"rendered":"<p><strong><span style=\"color: #800080;\">NAET\/TRM &#8211; allergie pollens, acariens, poussi\u00e8re, moisissures, textile<\/span><br \/>\n<\/strong><\/p>\n<h6>Pendant des ann\u00e9es j\u2019ai souffert d\u2019allergies (acariens, poussi\u00e8re, herbac\u00e9es, gramin\u00e9es, pollens d\u2019arbres\u2026) se manifestant par une rhinite allergique permanente, nez bouch\u00e9, d\u00e9mangeaisons nez, yeux, palais, oreilles et \u00e9ternuements.<\/h6>\n<h6>Suivie par un allergologue j\u2019\u00e9tais partiellement soulag\u00e9e par une prise d\u2019antihistaminique quotidienne.<br \/>\nL\u2019allergologue souhaitait me prescrire une d\u00e9sensibilisation mais sans me dire quelles seraient les allergies cibl\u00e9es. Sans visibilit\u00e9 sur les bienfaits d\u2019un tel traitement long et fastidieux et sans la certitude d\u2019\u00eatre soulag\u00e9e de toutes les allergies je me suis tourn\u00e9e vers Mme Marjollet. Je connaissais la m\u00e9thode car avant de la rencontrer mon ancien praticien parti \u00e0 la retraite avait d\u00e9j\u00e0 trait\u00e9 quelques allergies.<\/h6>\n<h6>J\u2019ai appr\u00e9ci\u00e9 cette exp\u00e9rience tr\u00e8s positive \u00e0 2 titres :<br \/>\n\u2013 Le professionnalisme de Mme Marjollet, son approche globale de la situation fond\u00e9e sur une \u00e9coute bienveillante et beaucoup de bon sens. Elle prend le temps n\u00e9cessaire, est \u00e0 l\u2019\u00e9coute ce qui lui permet d\u2019avoir une vue d\u2019ensemble.<br \/>\n\u2013 Et l\u2019autre aspect positif sont les r\u00e9sultats obtenus et une qualit\u00e9 de vie retrouv\u00e9e : plus de d\u00e9mangeaison, plus de rhinite, plus de r\u00e9veil le nez bouch\u00e9 et la bouche ass\u00e9ch\u00e9e. Cela me permet d\u2019envisager une installation \u00e0 la campagne \u00e0 laquelle j\u2019avais renonc\u00e9e compte tenu des allergies saisonni\u00e8res. Je mesure le chemin parcouru alors que nous sommes en pleine saison ou le risque allergiques aux divers pollens dont je souffrais est fort. J\u2019ajoute qu\u2019elle a gu\u00e9ri mes enfants d\u2019allergies \u00e0 la poussi\u00e8re, moisissure, acariens, textile.<br \/>\nJe conseille et recommande cette m\u00e9thode et plus particuli\u00e8rement Mme Marjollet pour ceux qui sont sur Lyon. Je lui ai d\u2019ailleurs adress\u00e9 amis et famille avec succ\u00e8s ! RC<\/h6>\n<p><strong><span style=\"color: #800080;\">NAET\/TRM &#8211; r\u00e9\u00e9quilibrage, probl\u00e8mes digestifs<\/span><\/strong><\/p>\n<h6>Suite \u00e0 la s\u00e9ance TRM, au niveau de ma colonne partie haute, qui part du cou, je vous dis un grand et tr\u00e8s grand merci, je n\u2019ai plus la raideur avec laquelle j\u2019ai v\u00e9cu une grande partie de ma vie, \u00e7a m\u2019\u00e9puisait bien. Les s\u00e9ances d\u2019ost\u00e9opathie et chiropraxie n\u2019en sont pas venues \u00e0 bout. JL<\/h6>\n<p><span style=\"color: #800080;\"><strong>NAET\/TRM &#8211; allergies alimentaires &#8211; ecz\u00e9ma<br \/>\n<\/strong><\/span><\/p>\n<h6><em>\u00ab\u00a0<\/em>J&rsquo;ai toujours eu des allergies depuis petite mais c&rsquo;\u00e9tait surtout des allergies de contact. Depuis que je vis \u00e0 Lyon (1988) petit \u00e0 petit d&rsquo;autres allergies ou dysfonctionnements sont apparus notamment au niveau alimentaire. Ayant entendu parler de la m\u00e9thode NAET par une connaissance j&rsquo;ai cherch\u00e9 autour de chez moi une th\u00e9rapeute qui la pratiquait. Ayant lu des t\u00e9moignages et au vu des r\u00e9sultats j&rsquo;ai d\u00e9cid\u00e9 de tenter ma chance, au mieux \u00e7a marchait et au pire rien ne se passait sans gravit\u00e9 aucune pour ma sant\u00e9.\u00a0\u00a0\u00a0\u00a0 A l&rsquo;\u00e9poque de la consultation j&rsquo;\u00e9tais en proie \u00e0 un ecz\u00e9ma sec au visage mais avec beaucoup de d\u00e9mangeaisons ce qui entrainait beaucoup de d\u00e9sagr\u00e9ments .<\/h6>\n<h6>Il\u00a0 a fallu 6 mois pour que je vois des am\u00e9liorations car il y avait beaucoup de choses \u00e0 traiter mais depuis je revis. Moi qui adore la cr\u00e8me \u00e0 chaque fois que j&rsquo;en mangeais j&rsquo;avais d\u00e9mangeaisons, naus\u00e9es.. maintenant plus de probl\u00e8me.<\/h6>\n<h6>Parfois il a fallu refaire une s\u00e9ance compl\u00e9mentaire car le protocole n&rsquo;avait pas tenu mais dans l&rsquo;ensemble, les r\u00e9sultats \u00e9taient l\u00e0.<\/h6>\n<h6>Quand je suis tomb\u00e9e malade plus gravement (cancer du sein) j&rsquo;\u00e9tais bien contente de conna\u00eetre cette m\u00e9thode car nous avons pu travaill\u00e9 notamment avec les produits de chimio ou de radioth\u00e9rapie afin que ceux ci soient mieux accept\u00e9s par le corps et donc que le protocole r\u00e9ussisse mieux.<\/h6>\n<h6>En plus de la m\u00e9thode NAET, Mme Marjollet a\u00a0 d&rsquo;autres outils si n\u00e9cessaire et je pense au MAGNOMEGA qu&rsquo;elle a utilis\u00e9 pour soulager les organes cl\u00e9s (Foie et Reins) pendant la chimioth\u00e9rapie.<\/h6>\n<h6>Donc je la remercie vivement pour son accompagnement durant ma maladie mais \u00e9galement pour son professionnalisme afin d&rsquo;am\u00e9liorer ou de tenter d&rsquo;aller le plus possible vers un \u00e9quilibre sant\u00e9.\u00a0\u00bb CCC<\/h6>\n<h6><\/h6>\n<h6><span style=\"color: #800080;\"><strong>NAET\/TRM &#8211; r\u00e9action allergique au persil (vomissements)<\/strong><\/span><\/h6>\n<h6><em>\u00ab\u00a0Bonjour, Apr\u00e8s mure r\u00e9flexion, j&rsquo;ai tent\u00e9 ce jour de consommer du persil frais.<\/em><\/h6>\n<h6><em>J&rsquo;ai absorb\u00e9 ce matin 4 cm de feuille d&rsquo;une seule bouch\u00e9e. \u00a0\u00a0 Je l&rsquo;ai bien m\u00e2ch\u00e9.<\/em><\/h6>\n<h6><em>J&rsquo;ai pass\u00e9 une excellente journ\u00e9e sans aucun effet.<\/em><\/h6>\n<h6><em>MERCI vous me sauvez la vie ! Surtout au restaurant : plus aucune appr\u00e9hension \u00e0 l&rsquo;arriv\u00e9e d&rsquo;un plat, plus aucune justification \u00e0 trier son assiette !\u00a0\u00bb DM<br \/>\n<\/em><\/h6>\n<p><strong><span style=\"color: #800080;\">NAET\u00a0 &#8211; boutons et \u00e9motions<\/span><\/strong><\/p>\n<h6><em>\u00a0\u00ab\u00a0Avec ma s\u0153ur, nous avons eu peu d\u2019acn\u00e9 \u00e0 l\u2019adolescence. Mais nous voil\u00e0 \u00e0 la vingtaine avec beaucoup plus de boutons qu\u2019il n\u2019en faut pour se sentir bien dans sa peau. Pendant que j\u2019exp\u00e9rimentais le dermatologue pendant plusieurs ann\u00e9es sans obtenir les r\u00e9sultats escompt\u00e9s, ma s\u0153ur devant l\u2019accumulation de sympt\u00f4mes handicapants, a explor\u00e9 la piste des intol\u00e9rances alimentaires. Bingo elle met le doigt sur quelque chose. Apr\u00e8s quelques mois, je me d\u00e9cide \u00e0 sauter le pas. Bingo \u00e0 mon tour. Apr\u00e8s plusieurs semaines \u00e0 surveiller mon alimentation, les boutons (la fatigue, les ballonnements) ont commenc\u00e9 \u00e0 s\u2019amoindrir. Seulement, impossible de tenir avec cette rigueur quotidienne. On ne peut pas tout ma\u00eetriser. Alors comment l\u00e2cher prise\u00a0? Ma psychoth\u00e9rapeute m\u2019a parl\u00e9 de la m\u00e9thode NAET, qu\u2019elle avait exp\u00e9riment\u00e9 \u00e0 titre personnel. Et l\u00e0\u2026 la d\u00e9livrance commence. Tout d\u2019abord ax\u00e9e sur l\u2019alimentation, les boutons disparaissent. Je d\u00e9couvre l\u2019\u00e9tendue des possibilit\u00e9s de cette m\u00e9thode et notamment un d\u00e9blocage \u00e9nerg\u00e9tique visant plusieurs \u00e9motions (avec lesquelles je bataillais tant bien que mal depuis 10 ans\u00a0: tristesse, culpabilit\u00e9, apathie, etc. A cette s\u00e9ance, apr\u00e8s seulement 10 minutes, j\u2019ai commenc\u00e9 \u00e0 sentir mes tensions musculaires s\u2019amoindrir. Au quotidien, ma fa\u00e7on de vivre les choses en est \u00e9galement tr\u00e8s diff\u00e9rente et pacifi\u00e9e. L\u2019ayant exp\u00e9riment\u00e9, ma s\u0153ur d\u00e9marre \u00e9galement la m\u00e9thode NAET et je ne peux que lui souhaiter les bienfaits que j\u2019ai v\u00e9cu\u00a0\u00bb<\/em>. AL<\/h6>\n<p><strong><span style=\"color: #800080;\">NAET\u00a0 &#8211; Allergie pollens<br \/>\n<\/span><\/strong><\/p>\n<h6><em>\u00ab\u00a0Chaque ann\u00e9e mes allergies se sont empir\u00e9es, je devais prendre de plus en plus de m\u00e9dicaments, et cela \u00e9tait pour moi invivable. Je ne veux pas habituer mon corps aux m\u00e9dicaments. Sur le coup \u00e7a soulageait les d\u00e9mangeaisons, mais ne gu\u00e9rissait rien en soi.<\/em><\/h6>\n<h6><em>\u00a0J&rsquo;ai profit\u00e9 de mon am\u00e9nagement sur Lyon pour prendre des s\u00e9ance de m\u00e9thode NAET.J&rsquo;ai d\u00e9couvert Mme Marjollet par son site.<\/em><\/h6>\n<h6><em>\u00a0D\u00e8s le premier rendez-vous j&rsquo;ai appr\u00e9ci\u00e9 son professionnalisme, et surtout son approche global sur tout le corps. Ses comp\u00e9tences sur la naturopathie et ainsi que d&rsquo;autres domaines lui permettent une vue d&rsquo;ensemble que je n&rsquo;ai pas pu avoir avec mon m\u00e9d\u00e9cin.<\/em><\/h6>\n<h6><em>\u00a0En commen\u00e7ant avec quelques cures de nettoyage du corps j&rsquo;ai commenc\u00e9 \u00e0 regagner une \u00e9nergie quotidienne. Au bout de 10 s\u00e9ances environ, j&rsquo;ai \u00e9t\u00e9 compl\u00e8tement gu\u00e9ris de mes allergies (acariens, gramin\u00e9es, olivier et bien d&rsquo;autres). Lors de la r\u00e9colte des oliviers, j&rsquo;\u00e9tais vraiment HEUREUX, de pouvoir en plus d&rsquo;aider ma m\u00e8re \u00e0 faire quelque chose de naturel que je ne pouvais pas faire.<\/em><\/h6>\n<h6><em>\u00a0Je conseille et recommande fortement pour ceux qui ont des allergies, des carences, qui souhaitent prendre soin de leur corps, ses conseils sont pr\u00e9cieux, elle m&rsquo;a beaucoup conseill\u00e9 et appris \u00e0 la fois son m\u00e9tier. J&rsquo;ai appr\u00e9ci\u00e9 son sens du partage qui rassure sur son professionalisme.\u00a0\u00bb CA<br \/>\n<\/em><\/h6>\n<p><strong><span style=\"color: #800080;\">NAET\u00a0 &#8211; Allergie piqure de gu\u00eape<br \/>\n<\/span><\/strong><\/p>\n<h6><em>\u00ab\u00a0\u00c9t\u00e9 2015 :Une gu\u00eape me pique au coude et je commence \u00e0 gonfler, un urticaire se propage, la poitrine se serre et je vacille&#8230;<\/em><\/h6>\n<h6><em>Il m \u00e9tait d\u00e9j\u00e0 arriv\u00e9 d avoir une petite r\u00e9action avec petit \u0153d\u00e8me autour de la piq\u00fbre mais rien de tel.<\/em><\/h6>\n<h6><em>Mon m\u00e9decin m hospitalise pour urticaire g\u00e9ant, suspicion d \u0153d\u00e8me de Quincke et chute de tension avec perte de connaissance. Un traitement cortico\u00efdes et antihistaminique permettent aux signes de se r\u00e9sorber apr\u00e8s une nuit \u00e0 l&rsquo;h\u00f4pital je rentre chez moi. Les sympt\u00f4mes mettront une semaine pour dispara\u00eetre compl\u00e8tement.<\/em><\/h6>\n<h6><em>Les m\u00e9decins me prescrivent une d\u00e9sensibilisation mais je ne souhaite pas entrer dans ce traitement long et fastidieux et pas sans cons\u00e9quence.<\/em><\/h6>\n<h6><em>\u00a0Il se trouve que je re\u00e7ois des s\u00e9ances NAET depuis plusieurs mois pour une autre cause avec Corinne Marjollet, Naturopathe \u00e0 Lyon.<\/em><\/h6>\n<h6><em>Nous avons des s\u00e9ances NAET plus sp\u00e9cifiquement sur cette allergie \u00e0 la gu\u00eape avec un volet \u00e9motionnel tr\u00e8s pr\u00e9sent dans cet \u00e9v\u00e9nement.<\/em><\/h6>\n<h6><em>Je ressens une grande confiance et d\u00e9tente et je me sens pr\u00eate \u00e0 aborder l&rsquo;\u00e9t\u00e9 2016 sereinement.\u00a0 Quelques temps apr\u00e8s en juillet, je suis de nouveau piqu\u00e9e par une gu\u00eape au niveau de la cheville.<\/em><\/h6>\n<h6><em>Mes inqui\u00e9tudes et mes souvenirs des cons\u00e9quences remontent, et je suis sur les gardes, ayant peur de me retrouver \u00e0 l h\u00f4pital de nouveau&#8230;<\/em><\/h6>\n<h6><em>Au lieu de cela, un petit \u0153d\u00e8me tr\u00e8s localis\u00e9 se forme autour de la piqure , j attends plusieurs heures avant de prendre un \u00e9ventuel m\u00e9dicament allopathique ,un peu anxieuse\u00a0 mais rien ne se passe.Je respire <\/em><\/h6>\n<h6><em>Les s\u00e9ances NAET ont vraiment \u00e9t\u00e9 efficaces et la r\u00e9action allergique \u00e0 disparu.<\/em><\/h6>\n<h6><em>\u00a0Merci \u00e0 cette m\u00e9thode qui traite les probl\u00e8mes allergiques en profondeur et \u00e0 celles et ceux\u00a0 qui la d\u00e9fendent et la pratiquent.\u00a0\u00bb PV<br \/>\n<\/em><\/h6>\n<p><strong><span style=\"color: #800080;\">NAET\u00a0 &#8211; Intol\u00e9rances alimentaires &#8211; Allergie\u00a0histamine &#8211; D\u00e9pression<\/span><\/strong><\/p>\n<h6><strong><em>Je suis arriv\u00e9e \u00e0 la m\u00e9thode NAET pour de multiples intol\u00e9rances alimentaires, un \u00e9tat g\u00e9n\u00e9ral compl\u00e8tement d\u00e9grad\u00e9, un \u00e9puisement quotidien et une impuissance av\u00e9r\u00e9e des m\u00e9decins rencontr\u00e9s. Apr\u00e8s un \u00ab\u00a0parcours du combattant\u00a0\u00bb de plusieurs ann\u00e9es durant lequel on m\u2019a diagnostiqu\u00e9 une amibiase, une intol\u00e9rance \u00e0 l\u2019histamine, un colon irritable et, r\u00e9guli\u00e8rement, une d\u00e9pression profonde, je me suis orient\u00e9e, en d\u00e9sespoir de cause vers cette m\u00e9decine douce, sans trop y croire, je dois l\u2019avouer.<\/em><\/strong><\/h6>\n<h6><strong><em>D\u00e8s la premi\u00e8re s\u00e9ance, je me suis sentie mieux. Et progressivement l\u2019\u00e9nergie est revenue, les troubles se sont estomp\u00e9s.<\/em><\/strong><\/h6>\n<h6><strong><em>Aujourd\u2019hui, je mange normalement, je pratique une activit\u00e9 sportive r\u00e9guli\u00e8re et j\u2019ai retrouv\u00e9 une s\u00e9r\u00e9nit\u00e9 quotidienne\u00a0: une qualit\u00e9 de vie que je n\u2019esp\u00e9rais plus\u00a0!<\/em><\/strong><\/h6>\n<h6><strong><i>Merci \u00e0 Madame Marjollet pour son professionnalisme et sa bienveillance.<\/i> <i>FV<\/i><\/strong><\/h6>\n<h6><strong><span style=\"color: #800080;\">NAET- Probl\u00e8mes Digestifs<\/span><\/strong><\/h6>\n<h6><em>Ayant consult\u00e9 quelques fois Corinne Marjollet en naturopathie, je lui ai parl\u00e9 de mes probl\u00e8mes digestifs;(naus\u00e9es , go\u00fbt de m\u00e9tal ds la bouche).<\/em><br \/>\n<em> J\u2019ai perdu ma m\u00e8re \u00e0 l\u2019\u00e2ge de 12 ans et j\u2019ai grandi en cr\u00e9ant inconsciemment un lien tr\u00e8s fort avec elle.<\/em><br \/>\n<em> J\u2019ai fait plusieurs d\u00e9pressions, \u00e9tant tr\u00e8s angoiss\u00e9e,souffrant d\u2019abandon et ressentant aussi de la col\u00e8re.<\/em><br \/>\n<em> Nous avons bcp parl\u00e9 avec Mme Marjollet qui m\u2019a propos\u00e9e la m\u00e9thode NAET.<\/em><br \/>\n<em> La premi\u00e8re partie \u00e9tait consacr\u00e9e \u00e0 l\u2019alimentation et les 2 derni\u00e8res ax\u00e9es sur les sentiments et ce go\u00fbt de m\u00e9tal ds la bouche.<\/em><br \/>\n<em> D\u00e8s la fin de l\u2019avant derni\u00e8re s\u00e9ance, ce go\u00fbt de m\u00e9tal a commenc\u00e9 \u00e0 s\u2019att\u00e9nuer pour compl\u00e8tement dispara\u00eetre les jours suivants.<\/em><br \/>\n<em> Je remercie Mme Marjollet pour son professionnalisme et sa bienveillance.<\/em><br \/>\n<i> Je vais enfin pouvoir continuer d\u2019avancer librement<\/i>.<\/h6>\n<h6><i> MS.F<\/i><\/h6>\n<h6><span style=\"color: #800080;\"><strong>NAET\/TRM Allergie \u00e0 la chaleur<\/strong><\/span><\/h6>\n<h6><em><strong>Naturopathe efficace, bonne maitrise de son savoir, apr\u00e8s plusieurs visites chez des dermatologues pour des probl\u00e8mes d\u2019allergie solaire, C Marjollet a r\u00e9ussi \u00e0 me soigner de ce probl\u00e8me qui m a g\u00e2ch\u00e9 mes \u00e9t\u00e9s<\/strong><\/em>.<\/h6>\n<p><em>\u00a0<\/em><\/p>\n","protected":false},"excerpt":{"rendered":"<p>NAET\/TRM &#8211; allergie pollens, acariens, poussi\u00e8re, moisissures, textile Pendant des ann\u00e9es j\u2019ai souffert d\u2019allergies (acariens, poussi\u00e8re, herbac\u00e9es, gramin\u00e9es, pollens d\u2019arbres\u2026) se manifestant par une rhinite allergique permanente, nez bouch\u00e9, d\u00e9mangeaisons nez, yeux, palais, oreilles et \u00e9ternuements. Suivie par un allergologue j\u2019\u00e9tais partiellement soulag\u00e9e par une prise d\u2019antihistaminique quotidienne. L\u2019allergologue souhaitait me prescrire une d\u00e9sensibilisation mais [&hellip;]<\/p>\n","protected":false},"author":1,"featured_media":0,"parent":0,"menu_order":0,"comment_status":"open","ping_status":"open","template":"","meta":{"footnotes":""},"class_list":["post-675","page","type-page","status-publish","hentry"],"_links":{"self":[{"href":"https:\/\/marjolletnaturopathe.fr\/index.php?rest_route=\/wp\/v2\/pages\/675","targetHints":{"allow":["GET"]}}],"collection":[{"href":"https:\/\/marjolletnaturopathe.fr\/index.php?rest_route=\/wp\/v2\/pages"}],"about":[{"href":"https:\/\/marjolletnaturopathe.fr\/index.php?rest_route=\/wp\/v2\/types\/page"}],"author":[{"embeddable":true,"href":"https:\/\/marjolletnaturopathe.fr\/index.php?rest_route=\/wp\/v2\/users\/1"}],"replies":[{"embeddable":true,"href":"https:\/\/marjolletnaturopathe.fr\/index.php?rest_route=%2Fwp%2Fv2%2Fcomments&post=675"}],"version-history":[{"count":6,"href":"https:\/\/marjolletnaturopathe.fr\/index.php?rest_route=\/wp\/v2\/pages\/675\/revisions"}],"predecessor-version":[{"id":841,"href":"https:\/\/marjolletnaturopathe.fr\/index.php?rest_route=\/wp\/v2\/pages\/675\/revisions\/841"}],"wp:attachment":[{"href":"https:\/\/marjolletnaturopathe.fr\/index.php?rest_route=%2Fwp%2Fv2%2Fmedia&parent=675"}],"curies":[{"name":"wp","href":"https:\/\/api.w.org\/{rel}","templated":true}]}}