{"id":683,"date":"2018-02-11T17:27:43","date_gmt":"2018-02-11T16:27:43","guid":{"rendered":"http:\/\/marjolletnaturopathe.fr\/?page_id=683"},"modified":"2020-03-23T10:39:14","modified_gmt":"2020-03-23T09:39:14","slug":"temoignages-magnomega","status":"publish","type":"page","link":"https:\/\/marjolletnaturopathe.fr\/?page_id=683","title":{"rendered":"T\u00e9moignages Magnomega"},"content":{"rendered":"<p><span style=\"color: #993366;\"><strong><em>Magnomega\u00a0 : accompagnement traitements du cancer<br \/>\n<\/em><\/strong><\/span><\/p>\n<h6><em>\u00a0\u00ab\u00a0<\/em>J&rsquo;ai toujours eu des allergies depuis petite mais c&rsquo;\u00e9tait surtout des allergies de contact. Depuis que je vis \u00e0 Lyon (1988) petit \u00e0 petit d&rsquo;autres allergies ou dysfonctionnements sont apparus notamment au niveau alimentaire. Ayant entendu parler de la m\u00e9thode NAET par une connaissance j&rsquo;ai cherch\u00e9 autour de chez moi une th\u00e9rapeute qui la pratiquait. Ayant lu des t\u00e9moignages et au vu des r\u00e9sultats j&rsquo;ai d\u00e9cid\u00e9 de tenter ma chance, au mieux \u00e7a marchait et au pire rien ne se passait sans gravit\u00e9 aucune pour ma sant\u00e9.\u00a0\u00a0\u00a0\u00a0 A l&rsquo;\u00e9poque de la consultation j&rsquo;\u00e9tais en proie \u00e0 un ecz\u00e9ma sec au visage mais avec beaucoup de d\u00e9mangeaisons ce qui entrainait beaucoup de d\u00e9sagr\u00e9ments .<\/h6>\n<h6>Il\u00a0 a fallu 6 mois pour que je vois des am\u00e9liorations car il y avait beaucoup de choses \u00e0 traiter mais depuis je revis. Moi qui adore la cr\u00e8me \u00e0 chaque fois que j&rsquo;en mangeais j&rsquo;avais d\u00e9mangeaisons, naus\u00e9es.. maintenant plus de probl\u00e8me.<\/h6>\n<h6>Parfois il a fallu refaire une s\u00e9ance compl\u00e9mentaire car le protocole n&rsquo;avait pas tenu mais dans l&rsquo;ensemble, les r\u00e9sultats \u00e9taient l\u00e0.<\/h6>\n<h6>Quand je suis tomb\u00e9e malade plus gravement (cancer du sein) j&rsquo;\u00e9tais bien contente de conna\u00eetre cette m\u00e9thode car nous avons pu travaill\u00e9 notamment avec les produits de chimio ou de radioth\u00e9rapie afin que ceux ci soient mieux accept\u00e9s par le corps et donc que le protocole r\u00e9ussisse mieux.<\/h6>\n<h6>En plus de la m\u00e9thode NAET, Mme Marjollet a\u00a0 d&rsquo;autres outils si n\u00e9cessaire et je pense au MAGNOMEGA qu&rsquo;elle a utilis\u00e9 pour soulager les organes cl\u00e9s (Foie et Reins) pendant la chimioth\u00e9rapie.<\/h6>\n<h6>Donc je la remercie vivement pour son accompagnement durant ma maladie mais \u00e9galement pour son professionnalisme afin d&rsquo;am\u00e9liorer ou de tenter d&rsquo;aller le plus possible vers un \u00e9quilibre sant\u00e9.\u00a0\u00bb<\/h6>\n<p>&nbsp;<\/p>\n<p><span style=\"color: #993366;\"><strong><em>Magnomega\u00a0 suite fracture du bras<\/em><\/strong><\/span><\/p>\n<h6><em>\u00a0\u00ab\u00a0Je me suis cass\u00e9 le bras et le m\u00e9decin a dit que je devais garder mon pl\u00e2tre pendant 4 \u00e0 6 semaines. Je faisais des s\u00e9ances magnomega tous les soirs pendant 1 heure puis au bout de 15 jours \u00e0 la radio de contr\u00f4le on m\u2019a dit que c\u2019\u00e9tait bien r\u00e9par\u00e9. Le m\u00eame jour je suis aller aux centre m\u00e9dical et le m\u00e9decin a dit que je pouvais enlever le pl\u00e2tre et le remplacer par une orth\u00e8se que j\u2019ai garder 10 jours. J\u2019ai au final garder le pl\u00e2tre et l\u2019orth\u00e8se 3 semaines en tout car je faisais du magnomega tous les jours. Gr\u00e2ce \u00e0 \u00e7a j\u2019ai donc put faire du vtt \u00e0 la montagne pendant 1 semaine au bout de cinq semaines de la fracture alors que le m\u00e9decin ne pensais pas que je pouvais.\u00a0\u00bb A.N. 12 ans <\/em><\/h6>\n<p>&nbsp;<\/p>\n<p><span style=\"color: #993366;\"><em><strong>Morton \/ Hallux Valgus, op\u00e9ration chirurgicale<\/strong><\/em><\/span><\/p>\n<h6>\u00ab\u00a0Douleurs de Morton avant l\u2019op\u00e9ration\u00a0: J\u2019ai eu 2 s\u00e9ances de Magnomega avant mon op\u00e9ration et d\u00e8s la 1<sup>\u00e8re<\/sup> s\u00e9ance, j\u2019ai \u00e9t\u00e9 soulag\u00e9e des douleurs \u00e0 type de d\u00e9charge \u00e9lectrique que je ressentais en permanence. Ce soulagement a dur\u00e9 quelques jours puis est r\u00e9apparu par intermittence. La 2<sup>\u00e8me<\/sup> s\u00e9ance a consolid\u00e9 ce soulagement mais le port de chaussures un peu \u00e9troites a red\u00e9clench\u00e9 les douleurs.<\/h6>\n<h6>Apr\u00e8s l\u2019op\u00e9ration d\u2019un Hallux Valgus et d\u2019un Morton, j\u2019ai b\u00e9n\u00e9fici\u00e9 de 2 s\u00e9ances de Magnom\u00e9ga et d\u00e8s la premi\u00e8re s\u00e9ance, les sensations de gonflement \u00e0 l\u2019int\u00e9rieur du pied se sont faites moins denses. J\u2019ai donc pu poser le pied plus facilement. Un de mes orteils, devenu insensible apr\u00e8s l\u2019op\u00e9ration, a retrouv\u00e9 un peu de sensibilit\u00e9. La cicatrisation des plaies a \u00e9t\u00e9 plus rapide que pr\u00e9vue puisque les points sont tomb\u00e9s d\u2019eux m\u00eame 2 ou 3 jours avant l\u2019ablation programm\u00e9e. La 2<sup>\u00e8me<\/sup> s\u00e9ance a renforc\u00e9 les b\u00e9n\u00e9fices d\u00e9j\u00e0 pr\u00e9sents lors de la 1<sup>\u00e8re<\/sup> s\u00e9ance, je peux d\u00e8s lors prendre appui sur mon pied sans chaussure de d\u00e9charge. Le soir de cette 2<sup>\u00e8me<\/sup> s\u00e9ance, je marche pratiquement normalement, sans douleur \u00e0 l\u2019appui.\u00a0\u00bb A.B.<\/h6>\n<p>&nbsp;<\/p>\n<p><em><span style=\"color: #993366;\"><strong>Cancer du sein &#8211; Chimioth\u00e9rapie Radioth\u00e9rapie<\/strong><\/span><\/em><\/p>\n<h6><strong>Souffrant d\u2019un cancer du sein, j\u2019ai souhait\u00e9 compl\u00e9ter les soins traditionnels de chimio et radioth\u00e9rapie par une prise en charge en naturotherapie. Madame Marjollet m\u2019a donc accompagn\u00e9e pendant plus de 10 mois. Outre les conseils alimentaires, j\u2019ai pu b\u00e9n\u00e9fici\u00e9 de s\u00e9ances de magnomega. Lors de la chimio qui se d\u00e9roulait tous les 15jrs puis toutes les semaines, j\u2019ai eu des s\u00e9ances de magnomega bi-hebdomadaires qui ont permis \u00e0 mon foie et intestins de ne pas trop souffrir d\u2019effet secondaires. Sur les 2 denieres s\u00e9ances de chimio, j&rsquo;ai eu un bilan sanguin perturb\u00e9 mais asymptomatique.\u00a0 Durant la radioth\u00e9rapie qui a dur\u00e9 6 semaines, nous avons continu\u00e9 le mm traitement de magnomega sur la r\u00e9gion irradi\u00e9e et je n\u2019ai eu aucune br\u00fblures souvent not\u00e9es ( \u00e0 plus de 40%) dans ce type de traitement. De plus les douleurs ont \u00e9t\u00e9 bien soulag\u00e9es par magnomega.<br \/>\nA ce jour, apr\u00e8s 10 mois de traitements traditionnels, et gr\u00e2ce \u00e0 cette prise en charge compl\u00e9mentaire, mes bilans sanguins sont redevenus normaux et la r\u00e9gion tumorale op\u00e9r\u00e9e est tr\u00e8s jolie et indolore.<br \/>\nJe suis tr\u00e8s contente d\u2019avoir opt\u00e9 pour ces soins complementaires et remercie vivement Me Marjollet pour son accompagnement plus que pr\u00e9cieux. A.B.<br \/>\n<\/strong><\/h6>\n<p>&nbsp;<\/p>\n<p>&nbsp;<\/p>\n","protected":false},"excerpt":{"rendered":"<p>Magnomega\u00a0 : accompagnement traitements du cancer \u00a0\u00ab\u00a0J&rsquo;ai toujours eu des allergies depuis petite mais c&rsquo;\u00e9tait surtout des allergies de contact. Depuis que je vis \u00e0 Lyon (1988) petit \u00e0 petit d&rsquo;autres allergies ou dysfonctionnements sont apparus notamment au niveau alimentaire. Ayant entendu parler de la m\u00e9thode NAET par une connaissance j&rsquo;ai cherch\u00e9 autour de chez [&hellip;]<\/p>\n","protected":false},"author":1,"featured_media":0,"parent":0,"menu_order":0,"comment_status":"open","ping_status":"open","template":"","meta":{"footnotes":""},"class_list":["post-683","page","type-page","status-publish","hentry"],"_links":{"self":[{"href":"https:\/\/marjolletnaturopathe.fr\/index.php?rest_route=\/wp\/v2\/pages\/683","targetHints":{"allow":["GET"]}}],"collection":[{"href":"https:\/\/marjolletnaturopathe.fr\/index.php?rest_route=\/wp\/v2\/pages"}],"about":[{"href":"https:\/\/marjolletnaturopathe.fr\/index.php?rest_route=\/wp\/v2\/types\/page"}],"author":[{"embeddable":true,"href":"https:\/\/marjolletnaturopathe.fr\/index.php?rest_route=\/wp\/v2\/users\/1"}],"replies":[{"embeddable":true,"href":"https:\/\/marjolletnaturopathe.fr\/index.php?rest_route=%2Fwp%2Fv2%2Fcomments&post=683"}],"version-history":[{"count":5,"href":"https:\/\/marjolletnaturopathe.fr\/index.php?rest_route=\/wp\/v2\/pages\/683\/revisions"}],"predecessor-version":[{"id":741,"href":"https:\/\/marjolletnaturopathe.fr\/index.php?rest_route=\/wp\/v2\/pages\/683\/revisions\/741"}],"wp:attachment":[{"href":"https:\/\/marjolletnaturopathe.fr\/index.php?rest_route=%2Fwp%2Fv2%2Fmedia&parent=683"}],"curies":[{"name":"wp","href":"https:\/\/api.w.org\/{rel}","templated":true}]}}