{"id":9,"date":"2013-03-28T15:02:33","date_gmt":"2013-03-28T14:02:33","guid":{"rendered":"https:\/\/marjolletnaturopathe.fr\/?page_id=9"},"modified":"2022-06-13T09:17:11","modified_gmt":"2022-06-13T08:17:11","slug":"la-naturopathie","status":"publish","type":"page","link":"https:\/\/marjolletnaturopathe.fr\/?page_id=9","title":{"rendered":"La Naturopathie"},"content":{"rendered":"<p style=\"padding-left: 30px;\"><!--more--><strong>La naturopathie consiste en une prise en charge globale et naturelle qui vise \u00e0 aider la personne \u00e0 conserver ou retrouver les conditions de la sant\u00e9.<\/strong><\/p>\n<p style=\"padding-left: 30px;\">Les troubles s\u2019installent sur un terrain en d\u00e9s\u00e9quilibre, le praticien de sant\u00e9 naturopathe s\u2019attache \u00e0 en rechercher les causes profondes, (les sympt\u00f4mes n\u2019\u00e9tant que la cons\u00e9quence)\u00a0 en impliquant la personne dans ses diff\u00e9rents plans \u00a0: physique, \u00e9motionnel, psychique, \u00e9nerg\u00e9tique, et\u00a0 en prenant en consid\u00e9ration un contexte socioculturel et environnemental.<\/p>\n<p style=\"padding-left: 30px;\">Elle ne s\u2019oppose pas ni se substitue \u00e0 la m\u00e9decine conventionnelle mais r\u00e9side en une approche compl\u00e9mentaire, de m\u00eame que d\u2019autres th\u00e9rapies naturelles.<\/p>\n<p style=\"padding-left: 30px;\"><em>La naturopathie est officiellement enregistr\u00e9e au BIT de Gen\u00e8ve depuis 1968. Elle est r\u00e9f\u00e9renc\u00e9e par l\u2019OMS depuis 1978 et par l\u2019UNESCO en tant que \u00ab\u00a0m\u00e9decine traditionnelle\u00a0\u00bb sous la r\u00e9f\u00e9rence MT 2.80NT1.<\/em><\/p>\n","protected":false},"excerpt":{"rendered":"","protected":false},"author":1,"featured_media":0,"parent":0,"menu_order":0,"comment_status":"closed","ping_status":"closed","template":"","meta":{"footnotes":""},"class_list":["post-9","page","type-page","status-publish","hentry"],"_links":{"self":[{"href":"https:\/\/marjolletnaturopathe.fr\/index.php?rest_route=\/wp\/v2\/pages\/9","targetHints":{"allow":["GET"]}}],"collection":[{"href":"https:\/\/marjolletnaturopathe.fr\/index.php?rest_route=\/wp\/v2\/pages"}],"about":[{"href":"https:\/\/marjolletnaturopathe.fr\/index.php?rest_route=\/wp\/v2\/types\/page"}],"author":[{"embeddable":true,"href":"https:\/\/marjolletnaturopathe.fr\/index.php?rest_route=\/wp\/v2\/users\/1"}],"replies":[{"embeddable":true,"href":"https:\/\/marjolletnaturopathe.fr\/index.php?rest_route=%2Fwp%2Fv2%2Fcomments&post=9"}],"version-history":[{"count":5,"href":"https:\/\/marjolletnaturopathe.fr\/index.php?rest_route=\/wp\/v2\/pages\/9\/revisions"}],"predecessor-version":[{"id":772,"href":"https:\/\/marjolletnaturopathe.fr\/index.php?rest_route=\/wp\/v2\/pages\/9\/revisions\/772"}],"wp:attachment":[{"href":"https:\/\/marjolletnaturopathe.fr\/index.php?rest_route=%2Fwp%2Fv2%2Fmedia&parent=9"}],"curies":[{"name":"wp","href":"https:\/\/api.w.org\/{rel}","templated":true}]}}